{"id":147,"date":"2025-01-02T08:34:44","date_gmt":"2025-01-02T08:34:44","guid":{"rendered":"https:\/\/frasera.miexpertodigital1.store\/?page_id=147"},"modified":"2026-01-30T08:42:18","modified_gmt":"2026-01-30T07:42:18","slug":"nuestro-entorno","status":"publish","type":"page","link":"https:\/\/formatgerialafrasera.com\/ca\/nuestro-entorno\/","title":{"rendered":"El nostre entorn"},"content":{"rendered":"<div data-elementor-type=\"wp-page\" data-elementor-id=\"147\" class=\"elementor elementor-147\" data-elementor-post-type=\"page\">\n\t\t\t\t<div class=\"elementor-element elementor-element-6ef6826d e-con-full e-flex e-con e-parent\" data-id=\"6ef6826d\" data-element_type=\"container\" data-e-type=\"container\" data-settings=\"{&quot;background_background&quot;:&quot;classic&quot;}\">\n\t\t<div class=\"elementor-element elementor-element-65934364 e-flex e-con-boxed e-con e-child\" data-id=\"65934364\" data-element_type=\"container\" data-e-type=\"container\" data-settings=\"{&quot;background_background&quot;:&quot;classic&quot;}\">\n\t\t\t\t\t<div class=\"e-con-inner\">\n\t\t<div class=\"elementor-element elementor-element-4183293e e-con-full e-flex e-con e-child\" data-id=\"4183293e\" data-element_type=\"container\" data-e-type=\"container\">\n\t\t\t\t<div class=\"elementor-element elementor-element-43d0ba3 elementor-widget elementor-widget-spacer\" data-id=\"43d0ba3\" data-element_type=\"widget\" data-e-type=\"widget\" data-widget_type=\"spacer.default\">\n\t\t\t\t<div class=\"elementor-widget-container\">\n\t\t\t\t\t\t\t<div class=\"elementor-spacer\">\n\t\t\t<div class=\"elementor-spacer-inner\"><\/div>\n\t\t<\/div>\n\t\t\t\t\t\t<\/div>\n\t\t\t\t<\/div>\n\t\t\t\t<\/div>\n\t\t\t\t\t<\/div>\n\t\t\t\t<\/div>\n\t\t\t\t<\/div>\n\t\t<div class=\"elementor-element elementor-element-60b53238 e-flex e-con-boxed e-con e-parent\" data-id=\"60b53238\" data-element_type=\"container\" data-e-type=\"container\" data-settings=\"{&quot;background_background&quot;:&quot;classic&quot;}\">\n\t\t\t\t\t<div class=\"e-con-inner\">\n\t\t<div class=\"elementor-element elementor-element-52404767 e-con-full e-flex elementor-invisible e-con e-child\" data-id=\"52404767\" data-element_type=\"container\" data-e-type=\"container\" data-settings=\"{&quot;animation&quot;:&quot;fadeInRight&quot;}\">\n\t\t\t\t<div class=\"elementor-element elementor-element-5e973b01 elementor-widget elementor-widget-heading\" data-id=\"5e973b01\" data-element_type=\"widget\" data-e-type=\"widget\" data-widget_type=\"heading.default\">\n\t\t\t\t<div class=\"elementor-widget-container\">\n\t\t\t\t\t<h2 class=\"elementor-heading-title elementor-size-default\">Entorn<\/h2>\t\t\t\t<\/div>\n\t\t\t\t<\/div>\n\t\t\t\t<div class=\"elementor-element elementor-element-2827da1a elementor-widget elementor-widget-heading\" data-id=\"2827da1a\" data-element_type=\"widget\" data-e-type=\"widget\" data-widget_type=\"heading.default\">\n\t\t\t\t<div class=\"elementor-widget-container\">\n\t\t\t\t\t<div class=\"elementor-heading-title elementor-size-default\">La formatgeria est\u00e0 situada en la Finca La *Frasera, envoltada d'un entorn de gran valor paisatg\u00edstic i natural, tocant el Parc Natural de la Muntanya de Montserrat.<\/div>\t\t\t\t<\/div>\n\t\t\t\t<\/div>\n\t\t\t\t<\/div>\n\t\t<div class=\"elementor-element elementor-element-3c70f9f1 e-con-full elementor-hidden-mobile e-flex e-con e-child\" data-id=\"3c70f9f1\" data-element_type=\"container\" data-e-type=\"container\">\n\t\t\t\t<div class=\"elementor-element elementor-element-92b9839 elementor-widget__width-initial elementor-invisible elementor-widget elementor-widget-image\" data-id=\"92b9839\" data-element_type=\"widget\" data-e-type=\"widget\" data-settings=\"{&quot;_animation&quot;:&quot;fadeInLeft&quot;}\" data-widget_type=\"image.default\">\n\t\t\t\t<div class=\"elementor-widget-container\">\n\t\t\t\t\t\t\t\t\t\t\t\t\t\t\t<img decoding=\"async\" src=\"https:\/\/formatgerialafrasera.com\/wp-content\/uploads\/elementor\/thumbs\/imglf04-ri3225s9j7ghlxu5elpp8ejde3xmkomnf3jga3z9s0.jpg\" title=\"imglf04\" alt=\"imglf04\" loading=\"lazy\" \/>\t\t\t\t\t\t\t\t\t\t\t\t\t\t\t<\/div>\n\t\t\t\t<\/div>\n\t\t\t\t<\/div>\n\t\t\t\t\t<\/div>\n\t\t\t\t<\/div>\n\t\t<div class=\"elementor-element elementor-element-e5e53cb e-flex e-con-boxed e-con e-parent\" data-id=\"e5e53cb\" data-element_type=\"container\" data-e-type=\"container\" data-settings=\"{&quot;background_background&quot;:&quot;classic&quot;}\">\n\t\t\t\t\t<div class=\"e-con-inner\">\n\t\t<div class=\"elementor-element elementor-element-4da6978 e-con-full e-flex e-con e-child\" data-id=\"4da6978\" data-element_type=\"container\" data-e-type=\"container\">\n\t\t\t\t<div class=\"elementor-element elementor-element-17d7754 elementor-widget__width-initial elementor-invisible elementor-widget elementor-widget-image\" data-id=\"17d7754\" data-element_type=\"widget\" data-e-type=\"widget\" data-settings=\"{&quot;_animation&quot;:&quot;fadeInLeft&quot;}\" data-widget_type=\"image.default\">\n\t\t\t\t<div class=\"elementor-widget-container\">\n\t\t\t\t\t\t\t\t\t\t\t\t\t\t\t<img fetchpriority=\"high\" decoding=\"async\" width=\"2560\" height=\"1920\" src=\"https:\/\/formatgerialafrasera.com\/wp-content\/uploads\/2025\/01\/ramat-propi-La_Frasera-scaled.avif\" class=\"attachment-full size-full wp-image-151\" alt=\"\" srcset=\"https:\/\/formatgerialafrasera.com\/wp-content\/uploads\/2025\/01\/ramat-propi-La_Frasera-scaled.avif 2560w, https:\/\/formatgerialafrasera.com\/wp-content\/uploads\/2025\/01\/ramat-propi-La_Frasera-scaled-600x450.jpg 600w, https:\/\/formatgerialafrasera.com\/wp-content\/uploads\/2025\/01\/ramat-propi-La_Frasera-300x225.jpg 300w, https:\/\/formatgerialafrasera.com\/wp-content\/uploads\/2025\/01\/ramat-propi-La_Frasera-1024x768.jpg 1024w, https:\/\/formatgerialafrasera.com\/wp-content\/uploads\/2025\/01\/ramat-propi-La_Frasera-768x576.jpg 768w, https:\/\/formatgerialafrasera.com\/wp-content\/uploads\/2025\/01\/ramat-propi-La_Frasera-1536x1152.jpg 1536w, https:\/\/formatgerialafrasera.com\/wp-content\/uploads\/2025\/01\/ramat-propi-La_Frasera-2048x1536.jpg 2048w, https:\/\/formatgerialafrasera.com\/wp-content\/uploads\/2025\/01\/elementor\/thumbs\/ramat-propi-La_Frasera-scaled-qzenkh9y00ev3x73dg93eg0gx8q5ivd7vv990mbwj4.avif 800w\" sizes=\"(max-width: 2560px) 100vw, 2560px\" \/>\t\t\t\t\t\t\t\t\t\t\t\t\t\t\t<\/div>\n\t\t\t\t<\/div>\n\t\t\t\t<\/div>\n\t\t<div class=\"elementor-element elementor-element-2fd8a11 e-con-full e-flex elementor-invisible e-con e-child\" data-id=\"2fd8a11\" data-element_type=\"container\" data-e-type=\"container\" data-settings=\"{&quot;animation&quot;:&quot;fadeInRight&quot;}\">\n\t\t\t\t<div class=\"elementor-element elementor-element-7545257 elementor-widget elementor-widget-heading\" data-id=\"7545257\" data-element_type=\"widget\" data-e-type=\"widget\" data-widget_type=\"heading.default\">\n\t\t\t\t<div class=\"elementor-widget-container\">\n\t\t\t\t\t<h2 class=\"elementor-heading-title elementor-size-default\">Ramat de cabres<\/h2>\t\t\t\t<\/div>\n\t\t\t\t<\/div>\n\t\t\t\t<div class=\"elementor-element elementor-element-ff8ec74 elementor-widget elementor-widget-heading\" data-id=\"ff8ec74\" data-element_type=\"widget\" data-e-type=\"widget\" data-widget_type=\"heading.default\">\n\t\t\t\t<div class=\"elementor-widget-container\">\n\t\t\t\t\t<div class=\"elementor-heading-title elementor-size-default\">La llet procedeix de cabres de ra\u00e7a murci\u00e0-granadina, que pastura en els boscos del <strong>Parc Natural de Montserrat<\/strong><\/div>\t\t\t\t<\/div>\n\t\t\t\t<\/div>\n\t\t\t\t<div class=\"elementor-element elementor-element-9bcab6d elementor-widget elementor-widget-heading\" data-id=\"9bcab6d\" data-element_type=\"widget\" data-e-type=\"widget\" data-widget_type=\"heading.default\">\n\t\t\t\t<div class=\"elementor-widget-container\">\n\t\t\t\t\t<div class=\"elementor-heading-title elementor-size-default\">La crian\u00e7a saludable en un entorn natural permet l'obtenci\u00f3 d'una <strong>llet de gran qualitat.<\/strong><\/div>\t\t\t\t<\/div>\n\t\t\t\t<\/div>\n\t\t\t\t<\/div>\n\t\t\t\t\t<\/div>\n\t\t\t\t<\/div>\n\t\t<div class=\"elementor-element elementor-element-079800c e-flex e-con-boxed e-con e-parent\" data-id=\"079800c\" data-element_type=\"container\" data-e-type=\"container\" data-settings=\"{&quot;background_background&quot;:&quot;classic&quot;}\">\n\t\t\t\t\t<div class=\"e-con-inner\">\n\t\t<div class=\"elementor-element elementor-element-a5b3d58 e-con-full e-flex elementor-invisible e-con e-child\" data-id=\"a5b3d58\" data-element_type=\"container\" data-e-type=\"container\" data-settings=\"{&quot;animation&quot;:&quot;fadeInRight&quot;}\">\n\t\t\t\t<div class=\"elementor-element elementor-element-305b6cd elementor-widget elementor-widget-heading\" data-id=\"305b6cd\" data-element_type=\"widget\" data-e-type=\"widget\" data-widget_type=\"heading.default\">\n\t\t\t\t<div class=\"elementor-widget-container\">\n\t\t\t\t\t<h2 class=\"elementor-heading-title elementor-size-default\">Elaboraci\u00f3<\/h2>\t\t\t\t<\/div>\n\t\t\t\t<\/div>\n\t\t\t\t<div class=\"elementor-element elementor-element-0714ad2 elementor-widget elementor-widget-heading\" data-id=\"0714ad2\" data-element_type=\"widget\" data-e-type=\"widget\" data-widget_type=\"heading.default\">\n\t\t\t\t<div class=\"elementor-widget-container\">\n\t\t\t\t\t<div class=\"elementor-heading-title elementor-size-default\">Elaboraci\u00f3 de <strong>formatges artesanals amb llet de cabra<\/strong> a l'estil tradicional, recuperant el sabor, textura i aroma dels formatges de sempre. El resultat s\u00f3n uns productes naturals, bons i de qualitat.<\/div>\t\t\t\t<\/div>\n\t\t\t\t<\/div>\n\t\t\t\t<\/div>\n\t\t<div class=\"elementor-element elementor-element-9a876b3 e-con-full e-flex e-con e-child\" data-id=\"9a876b3\" data-element_type=\"container\" data-e-type=\"container\">\n\t\t\t\t<div class=\"elementor-element elementor-element-fc53e0c elementor-widget__width-initial elementor-invisible elementor-widget elementor-widget-image\" data-id=\"fc53e0c\" data-element_type=\"widget\" data-e-type=\"widget\" data-settings=\"{&quot;_animation&quot;:&quot;fadeInLeft&quot;}\" data-widget_type=\"image.default\">\n\t\t\t\t<div class=\"elementor-widget-container\">\n\t\t\t\t\t\t\t\t\t\t\t\t\t\t\t<img decoding=\"async\" width=\"2000\" height=\"1334\" src=\"https:\/\/formatgerialafrasera.com\/wp-content\/uploads\/2025\/01\/formatges-artesants-treballant10-la_frasera.avif\" class=\"attachment-full size-full wp-image-150\" alt=\"\" srcset=\"https:\/\/formatgerialafrasera.com\/wp-content\/uploads\/2025\/01\/formatges-artesants-treballant10-la_frasera.avif 2000w, https:\/\/formatgerialafrasera.com\/wp-content\/uploads\/2025\/01\/formatges-artesants-treballant10-la_frasera-600x400.jpg 600w, https:\/\/formatgerialafrasera.com\/wp-content\/uploads\/2025\/01\/formatges-artesants-treballant10-la_frasera-300x200.jpg 300w, https:\/\/formatgerialafrasera.com\/wp-content\/uploads\/2025\/01\/formatges-artesants-treballant10-la_frasera-1024x683.jpg 1024w, https:\/\/formatgerialafrasera.com\/wp-content\/uploads\/2025\/01\/formatges-artesants-treballant10-la_frasera-768x512.jpg 768w, https:\/\/formatgerialafrasera.com\/wp-content\/uploads\/2025\/01\/formatges-artesants-treballant10-la_frasera-1536x1025.jpg 1536w\" sizes=\"(max-width: 2000px) 100vw, 2000px\" \/>\t\t\t\t\t\t\t\t\t\t\t\t\t\t\t<\/div>\n\t\t\t\t<\/div>\n\t\t\t\t<\/div>\n\t\t\t\t\t<\/div>\n\t\t\t\t<\/div>\n\t\t<div class=\"elementor-element elementor-element-b1e3c8a e-flex e-con-boxed e-con e-parent\" data-id=\"b1e3c8a\" data-element_type=\"container\" data-e-type=\"container\" data-settings=\"{&quot;background_background&quot;:&quot;classic&quot;}\">\n\t\t\t\t\t<div class=\"e-con-inner\">\n\t\t<div class=\"elementor-element elementor-element-fce3215 e-con-full e-flex e-con e-child\" data-id=\"fce3215\" data-element_type=\"container\" data-e-type=\"container\">\n\t\t\t\t<div class=\"elementor-element elementor-element-14463ab elementor-widget__width-initial elementor-invisible elementor-widget elementor-widget-image\" data-id=\"14463ab\" data-element_type=\"widget\" data-e-type=\"widget\" data-settings=\"{&quot;_animation&quot;:&quot;fadeInLeft&quot;}\" data-widget_type=\"image.default\">\n\t\t\t\t<div class=\"elementor-widget-container\">\n\t\t\t\t\t\t\t\t\t\t\t\t\t\t\t<img decoding=\"async\" width=\"2000\" height=\"1500\" src=\"https:\/\/formatgerialafrasera.com\/wp-content\/uploads\/2025\/01\/Botiga-La-Frasera-Formatges-de-cabra-artesanals.avif\" class=\"attachment-full size-full wp-image-152\" alt=\"\" srcset=\"https:\/\/formatgerialafrasera.com\/wp-content\/uploads\/2025\/01\/Botiga-La-Frasera-Formatges-de-cabra-artesanals.avif 2000w, https:\/\/formatgerialafrasera.com\/wp-content\/uploads\/2025\/01\/Botiga-La-Frasera-Formatges-de-cabra-artesanals-600x450.jpg 600w, https:\/\/formatgerialafrasera.com\/wp-content\/uploads\/2025\/01\/Botiga-La-Frasera-Formatges-de-cabra-artesanals-300x225.jpg 300w, https:\/\/formatgerialafrasera.com\/wp-content\/uploads\/2025\/01\/Botiga-La-Frasera-Formatges-de-cabra-artesanals-1024x768.jpg 1024w, https:\/\/formatgerialafrasera.com\/wp-content\/uploads\/2025\/01\/Botiga-La-Frasera-Formatges-de-cabra-artesanals-768x576.jpg 768w, https:\/\/formatgerialafrasera.com\/wp-content\/uploads\/2025\/01\/Botiga-La-Frasera-Formatges-de-cabra-artesanals-1536x1152.jpg 1536w, https:\/\/formatgerialafrasera.com\/wp-content\/uploads\/2025\/01\/elementor\/thumbs\/Botiga-La-Frasera-Formatges-de-cabra-artesanals-qzenki7s6ug5fj5q7ynpyxrximliqkgy7zwqhwaicw.avif 800w\" sizes=\"(max-width: 2000px) 100vw, 2000px\" \/>\t\t\t\t\t\t\t\t\t\t\t\t\t\t\t<\/div>\n\t\t\t\t<\/div>\n\t\t\t\t<\/div>\n\t\t<div class=\"elementor-element elementor-element-57ee357 e-con-full e-flex elementor-invisible e-con e-child\" data-id=\"57ee357\" data-element_type=\"container\" data-e-type=\"container\" data-settings=\"{&quot;animation&quot;:&quot;fadeInRight&quot;}\">\n\t\t\t\t<div class=\"elementor-element elementor-element-31a904e elementor-widget elementor-widget-heading\" data-id=\"31a904e\" data-element_type=\"widget\" data-e-type=\"widget\" data-widget_type=\"heading.default\">\n\t\t\t\t<div class=\"elementor-widget-container\">\n\t\t\t\t\t<h2 class=\"elementor-heading-title elementor-size-default\">Visita<\/h2>\t\t\t\t<\/div>\n\t\t\t\t<\/div>\n\t\t\t\t<div class=\"elementor-element elementor-element-c9f03f5 elementor-widget elementor-widget-heading\" data-id=\"c9f03f5\" data-element_type=\"widget\" data-e-type=\"widget\" data-widget_type=\"heading.default\">\n\t\t\t\t<div class=\"elementor-widget-container\">\n\t\t\t\t\t<div class=\"elementor-heading-title elementor-size-default\">Convidem a tots a visitar-nos per a con\u00e8ixer les nostres instal\u00b7lacions i <strong>provar els nostres formatges<\/strong>. Disposem d'un espai de botiga per a la venda directa<\/div>\t\t\t\t<\/div>\n\t\t\t\t<\/div>\n\t\t\t\t<div class=\"elementor-element elementor-element-e8fa3e2 elementor-widget elementor-widget-heading\" data-id=\"e8fa3e2\" data-element_type=\"widget\" data-e-type=\"widget\" data-widget_type=\"heading.default\">\n\t\t\t\t<div class=\"elementor-widget-container\">\n\t\t\t\t\t<div class=\"elementor-heading-title elementor-size-default\">Tamb\u00e9 pot gaudir d'un passeig per la finca.<\/div>\t\t\t\t<\/div>\n\t\t\t\t<\/div>\n\t\t\t\t<\/div>\n\t\t\t\t\t<\/div>\n\t\t\t\t<\/div>\n\t\t<div class=\"elementor-element elementor-element-e891ca2 e-flex e-con-boxed e-con e-parent\" data-id=\"e891ca2\" data-element_type=\"container\" data-e-type=\"container\" data-settings=\"{&quot;background_background&quot;:&quot;classic&quot;}\">\n\t\t\t\t\t<div class=\"e-con-inner\">\n\t\t\t\t<div class=\"elementor-element elementor-element-2f725d3 elementor-widget__width-auto elementor-widget elementor-widget-heading\" data-id=\"2f725d3\" data-element_type=\"widget\" data-e-type=\"widget\" data-widget_type=\"heading.default\">\n\t\t\t\t<div class=\"elementor-widget-container\">\n\t\t\t\t\t<h2 class=\"elementor-heading-title elementor-size-default\">Veuen a visitar-nos<\/h2>\t\t\t\t<\/div>\n\t\t\t\t<\/div>\n\t\t\t\t<div class=\"elementor-element elementor-element-42de75c elementor-mobile-align-justify elementor-widget-mobile__width-inherit elementor-widget elementor-widget-button\" data-id=\"42de75c\" data-element_type=\"widget\" data-e-type=\"widget\" data-widget_type=\"button.default\">\n\t\t\t\t<div class=\"elementor-widget-container\">\n\t\t\t\t\t\t\t\t\t<div class=\"elementor-button-wrapper\">\n\t\t\t\t\t<a class=\"elementor-button elementor-button-link elementor-size-sm\" href=\"https:\/\/formatgerialafrasera.com\/ca\/shop\/visita-cata\/\">\n\t\t\t\t\t\t<span class=\"elementor-button-content-wrapper\">\n\t\t\t\t\t\t\t\t\t<span class=\"elementor-button-text\">RESERVA<\/span>\n\t\t\t\t\t<\/span>\n\t\t\t\t\t<\/a>\n\t\t\t\t<\/div>\n\t\t\t\t\t\t\t\t<\/div>\n\t\t\t\t<\/div>\n\t\t\t\t\t<\/div>\n\t\t\t\t<\/div>\n\t\t\t\t<\/div>","protected":false},"excerpt":{"rendered":"<p>Entorno La queser\u00eda est\u00e1 ubicada en la Finca La Frasera, rodeada de un entorno de gran valor paisaj\u00edstico y natural, tocando el Parque Natural de la Monta\u00f1a de Montserrat. Reba\u00f1o de cabras La leche procede de cabras de raza murciano-granadina, que pasta en los bosques del Parque Rural de Montserrat. La crianza saludable en un [&hellip;]<\/p>\n","protected":false},"author":1,"featured_media":0,"parent":0,"menu_order":0,"comment_status":"closed","ping_status":"closed","template":"","meta":{"footnotes":""},"class_list":["post-147","page","type-page","status-publish","hentry"],"_links":{"self":[{"href":"https:\/\/formatgerialafrasera.com\/ca\/wp-json\/wp\/v2\/pages\/147","targetHints":{"allow":["GET"]}}],"collection":[{"href":"https:\/\/formatgerialafrasera.com\/ca\/wp-json\/wp\/v2\/pages"}],"about":[{"href":"https:\/\/formatgerialafrasera.com\/ca\/wp-json\/wp\/v2\/types\/page"}],"author":[{"embeddable":true,"href":"https:\/\/formatgerialafrasera.com\/ca\/wp-json\/wp\/v2\/users\/1"}],"replies":[{"embeddable":true,"href":"https:\/\/formatgerialafrasera.com\/ca\/wp-json\/wp\/v2\/comments?post=147"}],"version-history":[{"count":56,"href":"https:\/\/formatgerialafrasera.com\/ca\/wp-json\/wp\/v2\/pages\/147\/revisions"}],"predecessor-version":[{"id":3442,"href":"https:\/\/formatgerialafrasera.com\/ca\/wp-json\/wp\/v2\/pages\/147\/revisions\/3442"}],"wp:attachment":[{"href":"https:\/\/formatgerialafrasera.com\/ca\/wp-json\/wp\/v2\/media?parent=147"}],"curies":[{"name":"wp","href":"https:\/\/api.w.org\/{rel}","templated":true}]}}