{"id":169,"date":"2025-01-02T10:02:16","date_gmt":"2025-01-02T10:02:16","guid":{"rendered":"https:\/\/frasera.miexpertodigital1.store\/?page_id=169"},"modified":"2026-01-29T23:19:08","modified_gmt":"2026-01-29T22:19:08","slug":"instalaciones","status":"publish","type":"page","link":"https:\/\/formatgerialafrasera.com\/ca\/instalaciones\/","title":{"rendered":"Instal\u00b7lacions"},"content":{"rendered":"<div data-elementor-type=\"wp-page\" data-elementor-id=\"169\" class=\"elementor elementor-169\" data-elementor-post-type=\"page\">\n\t\t\t\t<div class=\"elementor-element elementor-element-6ef6826d e-con-full e-flex e-con e-parent\" data-id=\"6ef6826d\" data-element_type=\"container\" data-e-type=\"container\" data-settings=\"{&quot;background_background&quot;:&quot;classic&quot;}\">\n\t\t<div class=\"elementor-element elementor-element-65934364 e-flex e-con-boxed e-con e-child\" data-id=\"65934364\" data-element_type=\"container\" data-e-type=\"container\" data-settings=\"{&quot;background_background&quot;:&quot;classic&quot;}\">\n\t\t\t\t\t<div class=\"e-con-inner\">\n\t\t<div class=\"elementor-element elementor-element-4183293e e-con-full e-flex e-con e-child\" data-id=\"4183293e\" data-element_type=\"container\" data-e-type=\"container\">\n\t\t\t\t<div class=\"elementor-element elementor-element-43d0ba3 elementor-widget elementor-widget-spacer\" data-id=\"43d0ba3\" data-element_type=\"widget\" data-e-type=\"widget\" data-widget_type=\"spacer.default\">\n\t\t\t\t<div class=\"elementor-widget-container\">\n\t\t\t\t\t\t\t<div class=\"elementor-spacer\">\n\t\t\t<div class=\"elementor-spacer-inner\"><\/div>\n\t\t<\/div>\n\t\t\t\t\t\t<\/div>\n\t\t\t\t<\/div>\n\t\t\t\t<\/div>\n\t\t\t\t\t<\/div>\n\t\t\t\t<\/div>\n\t\t\t\t<\/div>\n\t\t<div class=\"elementor-element elementor-element-80ac850 e-flex e-con-boxed e-con e-parent\" data-id=\"80ac850\" data-element_type=\"container\" data-e-type=\"container\">\n\t\t\t\t\t<div class=\"e-con-inner\">\n\t\t<div class=\"elementor-element elementor-element-bedb40c e-con-full e-flex e-con e-child\" data-id=\"bedb40c\" data-element_type=\"container\" data-e-type=\"container\">\n\t\t\t\t<div class=\"elementor-element elementor-element-5e973b01 elementor-widget elementor-widget-heading\" data-id=\"5e973b01\" data-element_type=\"widget\" data-e-type=\"widget\" data-widget_type=\"heading.default\">\n\t\t\t\t<div class=\"elementor-widget-container\">\n\t\t\t\t\t<h2 class=\"elementor-heading-title elementor-size-default\">Les nostres instal\u00b7lacions<\/h2>\t\t\t\t<\/div>\n\t\t\t\t<\/div>\n\t\t\t\t<div class=\"elementor-element elementor-element-d3e4387 elementor-widget elementor-widget-heading\" data-id=\"d3e4387\" data-element_type=\"widget\" data-e-type=\"widget\" data-widget_type=\"heading.default\">\n\t\t\t\t<div class=\"elementor-widget-container\">\n\t\t\t\t\t<div class=\"elementor-heading-title elementor-size-default\">Les nostres instal\u00b7lacions ens permeten <strong>l'elaboraci\u00f3 del formatge a l'estil tradicional<\/strong>, adequats a les estrictes normes de qualitat i de seguretat aliment\u00e0ria. Tamb\u00e9 apostem per l'energia renovable, disposem de <strong>caldera de biomassa i placa solars<\/strong>.<\/div>\t\t\t\t<\/div>\n\t\t\t\t<\/div>\n\t\t\t\t<\/div>\n\t\t<div class=\"elementor-element elementor-element-24b5f76 e-con-full e-flex e-con e-child\" data-id=\"24b5f76\" data-element_type=\"container\" data-e-type=\"container\">\n\t\t\t\t<div class=\"elementor-element elementor-element-d64e128 elementor-widget elementor-widget-gallery\" data-id=\"d64e128\" data-element_type=\"widget\" data-e-type=\"widget\" data-settings=\"{&quot;columns_mobile&quot;:2,&quot;lazyload&quot;:&quot;yes&quot;,&quot;gallery_layout&quot;:&quot;grid&quot;,&quot;columns&quot;:4,&quot;columns_tablet&quot;:2,&quot;gap&quot;:{&quot;unit&quot;:&quot;px&quot;,&quot;size&quot;:10,&quot;sizes&quot;:[]},&quot;gap_laptop&quot;:{&quot;unit&quot;:&quot;px&quot;,&quot;size&quot;:10,&quot;sizes&quot;:[]},&quot;gap_tablet&quot;:{&quot;unit&quot;:&quot;px&quot;,&quot;size&quot;:10,&quot;sizes&quot;:[]},&quot;gap_mobile&quot;:{&quot;unit&quot;:&quot;px&quot;,&quot;size&quot;:10,&quot;sizes&quot;:[]},&quot;link_to&quot;:&quot;file&quot;,&quot;aspect_ratio&quot;:&quot;3:2&quot;,&quot;overlay_background&quot;:&quot;yes&quot;,&quot;content_hover_animation&quot;:&quot;fade-in&quot;}\" data-widget_type=\"gallery.default\">\n\t\t\t\t<div class=\"elementor-widget-container\">\n\t\t\t\t\t\t\t<div class=\"elementor-gallery__container\">\n\t\t\t\t\t\t\t<a class=\"e-gallery-item elementor-gallery-item elementor-animated-content\" href=\"https:\/\/formatgerialafrasera.com\/wp-content\/uploads\/2025\/01\/Jordi_Lorente-La_Frasera-1.jpg\" data-elementor-open-lightbox=\"yes\" data-elementor-lightbox-slideshow=\"d64e128\" data-elementor-lightbox-title=\"Jordi_Lorente-La_Frasera\" data-e-action-hash=\"#elementor-action%3Aaction%3Dlightbox%26settings%3DeyJpZCI6NTA3LCJ1cmwiOiJodHRwczpcL1wvZm9ybWF0Z2VyaWFsYWZyYXNlcmEuY29tXC93cC1jb250ZW50XC91cGxvYWRzXC8yMDI1XC8wMVwvSm9yZGlfTG9yZW50ZS1MYV9GcmFzZXJhLTEuanBnIiwic2xpZGVzaG93IjoiZDY0ZTEyOCJ9\">\n\t\t\t\t\t<div class=\"e-gallery-image elementor-gallery-item__image\" data-thumbnail=\"https:\/\/formatgerialafrasera.com\/wp-content\/uploads\/2025\/01\/Jordi_Lorente-La_Frasera-1.jpg\" data-width=\"2000\" data-height=\"1334\" aria-label=\"\" role=\"img\" ><\/div>\n\t\t\t\t\t\t\t\t\t\t\t<div class=\"elementor-gallery-item__overlay\"><\/div>\n\t\t\t\t\t\t\t\t\t\t\t\t\t\t<\/a>\n\t\t\t\t\t\t\t<a class=\"e-gallery-item elementor-gallery-item elementor-animated-content\" href=\"https:\/\/formatgerialafrasera.com\/wp-content\/uploads\/2025\/01\/formatges-artesants-treballant11-la_frasera-1.jpg\" data-elementor-open-lightbox=\"yes\" data-elementor-lightbox-slideshow=\"d64e128\" data-elementor-lightbox-title=\"formatges-artesants-treballant11-la_frasera\" data-e-action-hash=\"#elementor-action%3Aaction%3Dlightbox%26settings%3DeyJpZCI6NTA0LCJ1cmwiOiJodHRwczpcL1wvZm9ybWF0Z2VyaWFsYWZyYXNlcmEuY29tXC93cC1jb250ZW50XC91cGxvYWRzXC8yMDI1XC8wMVwvZm9ybWF0Z2VzLWFydGVzYW50cy10cmViYWxsYW50MTEtbGFfZnJhc2VyYS0xLmpwZyIsInNsaWRlc2hvdyI6ImQ2NGUxMjgifQ%3D%3D\">\n\t\t\t\t\t<div class=\"e-gallery-image elementor-gallery-item__image\" data-thumbnail=\"https:\/\/formatgerialafrasera.com\/wp-content\/uploads\/2025\/01\/formatges-artesants-treballant11-la_frasera-1.jpg\" data-width=\"2000\" data-height=\"1334\" aria-label=\"\" role=\"img\" ><\/div>\n\t\t\t\t\t\t\t\t\t\t\t<div class=\"elementor-gallery-item__overlay\"><\/div>\n\t\t\t\t\t\t\t\t\t\t\t\t\t\t<\/a>\n\t\t\t\t\t\t\t<a class=\"e-gallery-item elementor-gallery-item elementor-animated-content\" href=\"https:\/\/formatgerialafrasera.com\/wp-content\/uploads\/2025\/01\/formatges-artesants-treballant10-la_frasera-1.jpg\" data-elementor-open-lightbox=\"yes\" data-elementor-lightbox-slideshow=\"d64e128\" data-elementor-lightbox-title=\"formatges-artesants-treballant10-la_frasera\" data-e-action-hash=\"#elementor-action%3Aaction%3Dlightbox%26settings%3DeyJpZCI6NTAzLCJ1cmwiOiJodHRwczpcL1wvZm9ybWF0Z2VyaWFsYWZyYXNlcmEuY29tXC93cC1jb250ZW50XC91cGxvYWRzXC8yMDI1XC8wMVwvZm9ybWF0Z2VzLWFydGVzYW50cy10cmViYWxsYW50MTAtbGFfZnJhc2VyYS0xLmpwZyIsInNsaWRlc2hvdyI6ImQ2NGUxMjgifQ%3D%3D\">\n\t\t\t\t\t<div class=\"e-gallery-image elementor-gallery-item__image\" data-thumbnail=\"https:\/\/formatgerialafrasera.com\/wp-content\/uploads\/2025\/01\/formatges-artesants-treballant10-la_frasera-1.jpg\" data-width=\"2000\" data-height=\"1334\" aria-label=\"\" role=\"img\" ><\/div>\n\t\t\t\t\t\t\t\t\t\t\t<div class=\"elementor-gallery-item__overlay\"><\/div>\n\t\t\t\t\t\t\t\t\t\t\t\t\t\t<\/a>\n\t\t\t\t\t\t\t<a class=\"e-gallery-item elementor-gallery-item elementor-animated-content\" href=\"https:\/\/formatgerialafrasera.com\/wp-content\/uploads\/2025\/01\/formatges-artesants-treballant9-la_frasera-1.jpg\" data-elementor-open-lightbox=\"yes\" data-elementor-lightbox-slideshow=\"d64e128\" data-elementor-lightbox-title=\"formatges-artesants-treballant9-la_frasera\" data-e-action-hash=\"#elementor-action%3Aaction%3Dlightbox%26settings%3DeyJpZCI6NTAyLCJ1cmwiOiJodHRwczpcL1wvZm9ybWF0Z2VyaWFsYWZyYXNlcmEuY29tXC93cC1jb250ZW50XC91cGxvYWRzXC8yMDI1XC8wMVwvZm9ybWF0Z2VzLWFydGVzYW50cy10cmViYWxsYW50OS1sYV9mcmFzZXJhLTEuanBnIiwic2xpZGVzaG93IjoiZDY0ZTEyOCJ9\">\n\t\t\t\t\t<div class=\"e-gallery-image elementor-gallery-item__image\" data-thumbnail=\"https:\/\/formatgerialafrasera.com\/wp-content\/uploads\/2025\/01\/formatges-artesants-treballant9-la_frasera-1.jpg\" data-width=\"2000\" data-height=\"1334\" aria-label=\"\" role=\"img\" ><\/div>\n\t\t\t\t\t\t\t\t\t\t\t<div class=\"elementor-gallery-item__overlay\"><\/div>\n\t\t\t\t\t\t\t\t\t\t\t\t\t\t<\/a>\n\t\t\t\t\t\t\t<a class=\"e-gallery-item elementor-gallery-item elementor-animated-content\" href=\"https:\/\/formatgerialafrasera.com\/wp-content\/uploads\/2025\/01\/formatges-artesants-treballant8-la_frasera.jpg\" data-elementor-open-lightbox=\"yes\" data-elementor-lightbox-slideshow=\"d64e128\" data-elementor-lightbox-title=\"formatges-artesants-treballant8-la_frasera\" data-e-action-hash=\"#elementor-action%3Aaction%3Dlightbox%26settings%3DeyJpZCI6NTAxLCJ1cmwiOiJodHRwczpcL1wvZm9ybWF0Z2VyaWFsYWZyYXNlcmEuY29tXC93cC1jb250ZW50XC91cGxvYWRzXC8yMDI1XC8wMVwvZm9ybWF0Z2VzLWFydGVzYW50cy10cmViYWxsYW50OC1sYV9mcmFzZXJhLmpwZyIsInNsaWRlc2hvdyI6ImQ2NGUxMjgifQ%3D%3D\">\n\t\t\t\t\t<div class=\"e-gallery-image elementor-gallery-item__image\" data-thumbnail=\"https:\/\/formatgerialafrasera.com\/wp-content\/uploads\/2025\/01\/formatges-artesants-treballant8-la_frasera.jpg\" data-width=\"2000\" data-height=\"1334\" aria-label=\"\" role=\"img\" ><\/div>\n\t\t\t\t\t\t\t\t\t\t\t<div class=\"elementor-gallery-item__overlay\"><\/div>\n\t\t\t\t\t\t\t\t\t\t\t\t\t\t<\/a>\n\t\t\t\t\t\t\t<a class=\"e-gallery-item elementor-gallery-item elementor-animated-content\" href=\"https:\/\/formatgerialafrasera.com\/wp-content\/uploads\/2025\/01\/formatges-artesants-treballant7-la_frasera-1.jpg\" data-elementor-open-lightbox=\"yes\" data-elementor-lightbox-slideshow=\"d64e128\" data-elementor-lightbox-title=\"formatges-artesants-treballant7-la_frasera\" data-e-action-hash=\"#elementor-action%3Aaction%3Dlightbox%26settings%3DeyJpZCI6NTAwLCJ1cmwiOiJodHRwczpcL1wvZm9ybWF0Z2VyaWFsYWZyYXNlcmEuY29tXC93cC1jb250ZW50XC91cGxvYWRzXC8yMDI1XC8wMVwvZm9ybWF0Z2VzLWFydGVzYW50cy10cmViYWxsYW50Ny1sYV9mcmFzZXJhLTEuanBnIiwic2xpZGVzaG93IjoiZDY0ZTEyOCJ9\">\n\t\t\t\t\t<div class=\"e-gallery-image elementor-gallery-item__image\" data-thumbnail=\"https:\/\/formatgerialafrasera.com\/wp-content\/uploads\/2025\/01\/formatges-artesants-treballant7-la_frasera-1.jpg\" data-width=\"2000\" data-height=\"1334\" aria-label=\"\" role=\"img\" ><\/div>\n\t\t\t\t\t\t\t\t\t\t\t<div class=\"elementor-gallery-item__overlay\"><\/div>\n\t\t\t\t\t\t\t\t\t\t\t\t\t\t<\/a>\n\t\t\t\t\t\t\t<a class=\"e-gallery-item elementor-gallery-item elementor-animated-content\" href=\"https:\/\/formatgerialafrasera.com\/wp-content\/uploads\/2025\/01\/formatges-artesants-treballant6-la_frasera-1.jpg\" data-elementor-open-lightbox=\"yes\" data-elementor-lightbox-slideshow=\"d64e128\" data-elementor-lightbox-title=\"formatges-artesants-treballant6-la_frasera\" data-e-action-hash=\"#elementor-action%3Aaction%3Dlightbox%26settings%3DeyJpZCI6NDk5LCJ1cmwiOiJodHRwczpcL1wvZm9ybWF0Z2VyaWFsYWZyYXNlcmEuY29tXC93cC1jb250ZW50XC91cGxvYWRzXC8yMDI1XC8wMVwvZm9ybWF0Z2VzLWFydGVzYW50cy10cmViYWxsYW50Ni1sYV9mcmFzZXJhLTEuanBnIiwic2xpZGVzaG93IjoiZDY0ZTEyOCJ9\">\n\t\t\t\t\t<div class=\"e-gallery-image elementor-gallery-item__image\" data-thumbnail=\"https:\/\/formatgerialafrasera.com\/wp-content\/uploads\/2025\/01\/formatges-artesants-treballant6-la_frasera-1.jpg\" data-width=\"2000\" data-height=\"1334\" aria-label=\"\" role=\"img\" ><\/div>\n\t\t\t\t\t\t\t\t\t\t\t<div class=\"elementor-gallery-item__overlay\"><\/div>\n\t\t\t\t\t\t\t\t\t\t\t\t\t\t<\/a>\n\t\t\t\t\t\t\t<a class=\"e-gallery-item elementor-gallery-item elementor-animated-content\" href=\"https:\/\/formatgerialafrasera.com\/wp-content\/uploads\/2025\/01\/formatges-artesants-treballant5-la_frasera-1.jpg\" data-elementor-open-lightbox=\"yes\" data-elementor-lightbox-slideshow=\"d64e128\" data-elementor-lightbox-title=\"formatges-artesants-treballant5-la_frasera\" data-e-action-hash=\"#elementor-action%3Aaction%3Dlightbox%26settings%3DeyJpZCI6NDk4LCJ1cmwiOiJodHRwczpcL1wvZm9ybWF0Z2VyaWFsYWZyYXNlcmEuY29tXC93cC1jb250ZW50XC91cGxvYWRzXC8yMDI1XC8wMVwvZm9ybWF0Z2VzLWFydGVzYW50cy10cmViYWxsYW50NS1sYV9mcmFzZXJhLTEuanBnIiwic2xpZGVzaG93IjoiZDY0ZTEyOCJ9\">\n\t\t\t\t\t<div class=\"e-gallery-image elementor-gallery-item__image\" data-thumbnail=\"https:\/\/formatgerialafrasera.com\/wp-content\/uploads\/2025\/01\/formatges-artesants-treballant5-la_frasera-1.jpg\" data-width=\"2000\" data-height=\"1334\" aria-label=\"\" role=\"img\" ><\/div>\n\t\t\t\t\t\t\t\t\t\t\t<div class=\"elementor-gallery-item__overlay\"><\/div>\n\t\t\t\t\t\t\t\t\t\t\t\t\t\t<\/a>\n\t\t\t\t\t\t\t<a class=\"e-gallery-item elementor-gallery-item elementor-animated-content\" href=\"https:\/\/formatgerialafrasera.com\/wp-content\/uploads\/2025\/01\/formatges-artesants-treballant4-la_frasera-1.jpg\" data-elementor-open-lightbox=\"yes\" data-elementor-lightbox-slideshow=\"d64e128\" data-elementor-lightbox-title=\"formatges-artesants-treballant4-la_frasera\" data-e-action-hash=\"#elementor-action%3Aaction%3Dlightbox%26settings%3DeyJpZCI6NDk3LCJ1cmwiOiJodHRwczpcL1wvZm9ybWF0Z2VyaWFsYWZyYXNlcmEuY29tXC93cC1jb250ZW50XC91cGxvYWRzXC8yMDI1XC8wMVwvZm9ybWF0Z2VzLWFydGVzYW50cy10cmViYWxsYW50NC1sYV9mcmFzZXJhLTEuanBnIiwic2xpZGVzaG93IjoiZDY0ZTEyOCJ9\">\n\t\t\t\t\t<div class=\"e-gallery-image elementor-gallery-item__image\" data-thumbnail=\"https:\/\/formatgerialafrasera.com\/wp-content\/uploads\/2025\/01\/formatges-artesants-treballant4-la_frasera-1.jpg\" data-width=\"2000\" data-height=\"1334\" aria-label=\"\" role=\"img\" ><\/div>\n\t\t\t\t\t\t\t\t\t\t\t<div class=\"elementor-gallery-item__overlay\"><\/div>\n\t\t\t\t\t\t\t\t\t\t\t\t\t\t<\/a>\n\t\t\t\t\t\t\t<a class=\"e-gallery-item elementor-gallery-item elementor-animated-content\" href=\"https:\/\/formatgerialafrasera.com\/wp-content\/uploads\/2025\/01\/formatges-artesants-treballant3-la_frasera-1.jpg\" data-elementor-open-lightbox=\"yes\" data-elementor-lightbox-slideshow=\"d64e128\" data-elementor-lightbox-title=\"formatges-artesants-treballant3-la_frasera\" data-e-action-hash=\"#elementor-action%3Aaction%3Dlightbox%26settings%3DeyJpZCI6NDk2LCJ1cmwiOiJodHRwczpcL1wvZm9ybWF0Z2VyaWFsYWZyYXNlcmEuY29tXC93cC1jb250ZW50XC91cGxvYWRzXC8yMDI1XC8wMVwvZm9ybWF0Z2VzLWFydGVzYW50cy10cmViYWxsYW50My1sYV9mcmFzZXJhLTEuanBnIiwic2xpZGVzaG93IjoiZDY0ZTEyOCJ9\">\n\t\t\t\t\t<div class=\"e-gallery-image elementor-gallery-item__image\" data-thumbnail=\"https:\/\/formatgerialafrasera.com\/wp-content\/uploads\/2025\/01\/formatges-artesants-treballant3-la_frasera-1.jpg\" data-width=\"2000\" data-height=\"1334\" aria-label=\"\" role=\"img\" ><\/div>\n\t\t\t\t\t\t\t\t\t\t\t<div class=\"elementor-gallery-item__overlay\"><\/div>\n\t\t\t\t\t\t\t\t\t\t\t\t\t\t<\/a>\n\t\t\t\t\t\t\t<a class=\"e-gallery-item elementor-gallery-item elementor-animated-content\" href=\"https:\/\/formatgerialafrasera.com\/wp-content\/uploads\/2025\/01\/formatges-artesants-treballant2-la_frasera-1.jpg\" data-elementor-open-lightbox=\"yes\" data-elementor-lightbox-slideshow=\"d64e128\" data-elementor-lightbox-title=\"formatges-artesants-treballant2-la_frasera\" data-e-action-hash=\"#elementor-action%3Aaction%3Dlightbox%26settings%3DeyJpZCI6NDk1LCJ1cmwiOiJodHRwczpcL1wvZm9ybWF0Z2VyaWFsYWZyYXNlcmEuY29tXC93cC1jb250ZW50XC91cGxvYWRzXC8yMDI1XC8wMVwvZm9ybWF0Z2VzLWFydGVzYW50cy10cmViYWxsYW50Mi1sYV9mcmFzZXJhLTEuanBnIiwic2xpZGVzaG93IjoiZDY0ZTEyOCJ9\">\n\t\t\t\t\t<div class=\"e-gallery-image elementor-gallery-item__image\" data-thumbnail=\"https:\/\/formatgerialafrasera.com\/wp-content\/uploads\/2025\/01\/formatges-artesants-treballant2-la_frasera-1.jpg\" data-width=\"2000\" data-height=\"1334\" aria-label=\"\" role=\"img\" ><\/div>\n\t\t\t\t\t\t\t\t\t\t\t<div class=\"elementor-gallery-item__overlay\"><\/div>\n\t\t\t\t\t\t\t\t\t\t\t\t\t\t<\/a>\n\t\t\t\t\t\t\t<a class=\"e-gallery-item elementor-gallery-item elementor-animated-content\" href=\"https:\/\/formatgerialafrasera.com\/wp-content\/uploads\/2025\/01\/formatges-artesants-treballant-la_frasera-1.jpg\" data-elementor-open-lightbox=\"yes\" data-elementor-lightbox-slideshow=\"d64e128\" data-elementor-lightbox-title=\"formatges-artesants-treballant-la_frasera\" data-e-action-hash=\"#elementor-action%3Aaction%3Dlightbox%26settings%3DeyJpZCI6NTA2LCJ1cmwiOiJodHRwczpcL1wvZm9ybWF0Z2VyaWFsYWZyYXNlcmEuY29tXC93cC1jb250ZW50XC91cGxvYWRzXC8yMDI1XC8wMVwvZm9ybWF0Z2VzLWFydGVzYW50cy10cmViYWxsYW50LWxhX2ZyYXNlcmEtMS5qcGciLCJzbGlkZXNob3ciOiJkNjRlMTI4In0%3D\">\n\t\t\t\t\t<div class=\"e-gallery-image elementor-gallery-item__image\" data-thumbnail=\"https:\/\/formatgerialafrasera.com\/wp-content\/uploads\/2025\/01\/formatges-artesants-treballant-la_frasera-1.jpg\" data-width=\"2000\" data-height=\"1334\" aria-label=\"\" role=\"img\" ><\/div>\n\t\t\t\t\t\t\t\t\t\t\t<div class=\"elementor-gallery-item__overlay\"><\/div>\n\t\t\t\t\t\t\t\t\t\t\t\t\t\t<\/a>\n\t\t\t\t\t<\/div>\n\t\t\t\t\t<\/div>\n\t\t\t\t<\/div>\n\t\t\t\t<\/div>\n\t\t\t\t\t<\/div>\n\t\t\t\t<\/div>\n\t\t<div class=\"elementor-element elementor-element-e891ca2 e-flex e-con-boxed e-con e-parent\" data-id=\"e891ca2\" data-element_type=\"container\" data-e-type=\"container\" data-settings=\"{&quot;background_background&quot;:&quot;classic&quot;}\">\n\t\t\t\t\t<div class=\"e-con-inner\">\n\t\t\t\t<div class=\"elementor-element elementor-element-2f725d3 elementor-widget__width-auto elementor-widget-mobile__width-inherit elementor-widget elementor-widget-heading\" data-id=\"2f725d3\" data-element_type=\"widget\" data-e-type=\"widget\" data-widget_type=\"heading.default\">\n\t\t\t\t<div class=\"elementor-widget-container\">\n\t\t\t\t\t<h2 class=\"elementor-heading-title elementor-size-default\">Veuen a visitar-nos<\/h2>\t\t\t\t<\/div>\n\t\t\t\t<\/div>\n\t\t\t\t<div class=\"elementor-element elementor-element-42de75c elementor-mobile-align-justify elementor-widget-mobile__width-inherit elementor-widget elementor-widget-button\" data-id=\"42de75c\" data-element_type=\"widget\" data-e-type=\"widget\" data-widget_type=\"button.default\">\n\t\t\t\t<div class=\"elementor-widget-container\">\n\t\t\t\t\t\t\t\t\t<div class=\"elementor-button-wrapper\">\n\t\t\t\t\t<a class=\"elementor-button elementor-button-link elementor-size-sm\" href=\"https:\/\/formatgerialafrasera.com\/ca\/shop\/visita-cata\/\">\n\t\t\t\t\t\t<span class=\"elementor-button-content-wrapper\">\n\t\t\t\t\t\t\t\t\t<span class=\"elementor-button-text\">RESERVA<\/span>\n\t\t\t\t\t<\/span>\n\t\t\t\t\t<\/a>\n\t\t\t\t<\/div>\n\t\t\t\t\t\t\t\t<\/div>\n\t\t\t\t<\/div>\n\t\t\t\t\t<\/div>\n\t\t\t\t<\/div>\n\t\t\t\t<\/div>","protected":false},"excerpt":{"rendered":"<p>Nuestras instalaciones Nuestras instalaciones nos permiten la elaboraci\u00f3n del queso al estilo tradicional, adecuandose a las estrictas normas de calidad y de seguridad alimentaria. Tambi\u00e9n apostamos por la energ\u00eda renovable, diponemos de caldera de biomassa y placa solares. Ven a visitarnos RESERVA<\/p>","protected":false},"author":1,"featured_media":0,"parent":0,"menu_order":0,"comment_status":"closed","ping_status":"closed","template":"","meta":{"footnotes":""},"class_list":["post-169","page","type-page","status-publish","hentry"],"_links":{"self":[{"href":"https:\/\/formatgerialafrasera.com\/ca\/wp-json\/wp\/v2\/pages\/169","targetHints":{"allow":["GET"]}}],"collection":[{"href":"https:\/\/formatgerialafrasera.com\/ca\/wp-json\/wp\/v2\/pages"}],"about":[{"href":"https:\/\/formatgerialafrasera.com\/ca\/wp-json\/wp\/v2\/types\/page"}],"author":[{"embeddable":true,"href":"https:\/\/formatgerialafrasera.com\/ca\/wp-json\/wp\/v2\/users\/1"}],"replies":[{"embeddable":true,"href":"https:\/\/formatgerialafrasera.com\/ca\/wp-json\/wp\/v2\/comments?post=169"}],"version-history":[{"count":38,"href":"https:\/\/formatgerialafrasera.com\/ca\/wp-json\/wp\/v2\/pages\/169\/revisions"}],"predecessor-version":[{"id":3434,"href":"https:\/\/formatgerialafrasera.com\/ca\/wp-json\/wp\/v2\/pages\/169\/revisions\/3434"}],"wp:attachment":[{"href":"https:\/\/formatgerialafrasera.com\/ca\/wp-json\/wp\/v2\/media?parent=169"}],"curies":[{"name":"wp","href":"https:\/\/api.w.org\/{rel}","templated":true}]}}