{"id":240,"date":"2025-01-02T10:13:52","date_gmt":"2025-01-02T10:13:52","guid":{"rendered":"https:\/\/frasera.miexpertodigital1.store\/?page_id=240"},"modified":"2025-06-24T13:29:18","modified_gmt":"2025-06-24T11:29:18","slug":"aviso-legal","status":"publish","type":"page","link":"https:\/\/formatgerialafrasera.com\/ca\/aviso-legal\/","title":{"rendered":"Av\u00eds Legal"},"content":{"rendered":"<div data-elementor-type=\"wp-page\" data-elementor-id=\"240\" class=\"elementor elementor-240\" data-elementor-post-type=\"page\">\n\t\t\t\t<div class=\"elementor-element elementor-element-6ef6826d e-con-full e-flex e-con e-parent\" data-id=\"6ef6826d\" data-element_type=\"container\" data-e-type=\"container\" data-settings=\"{&quot;background_background&quot;:&quot;classic&quot;}\">\n\t\t<div class=\"elementor-element elementor-element-65934364 e-flex e-con-boxed e-con e-child\" data-id=\"65934364\" data-element_type=\"container\" data-e-type=\"container\" data-settings=\"{&quot;background_background&quot;:&quot;classic&quot;}\">\n\t\t\t\t\t<div class=\"e-con-inner\">\n\t\t<div class=\"elementor-element elementor-element-4183293e e-con-full e-flex e-con e-child\" data-id=\"4183293e\" data-element_type=\"container\" data-e-type=\"container\">\n\t\t\t\t<div class=\"elementor-element elementor-element-43d0ba3 elementor-widget elementor-widget-spacer\" data-id=\"43d0ba3\" data-element_type=\"widget\" data-e-type=\"widget\" data-widget_type=\"spacer.default\">\n\t\t\t\t<div class=\"elementor-widget-container\">\n\t\t\t\t\t\t\t<div class=\"elementor-spacer\">\n\t\t\t<div class=\"elementor-spacer-inner\"><\/div>\n\t\t<\/div>\n\t\t\t\t\t\t<\/div>\n\t\t\t\t<\/div>\n\t\t\t\t<\/div>\n\t\t\t\t\t<\/div>\n\t\t\t\t<\/div>\n\t\t\t\t<\/div>\n\t\t<div class=\"elementor-element elementor-element-60b53238 e-flex e-con-boxed e-con e-parent\" data-id=\"60b53238\" data-element_type=\"container\" data-e-type=\"container\" data-settings=\"{&quot;background_background&quot;:&quot;classic&quot;}\">\n\t\t\t\t\t<div class=\"e-con-inner\">\n\t\t<div class=\"elementor-element elementor-element-9bca133 e-con-full e-flex e-con e-child\" data-id=\"9bca133\" data-element_type=\"container\" data-e-type=\"container\">\n\t\t\t\t<div class=\"elementor-element elementor-element-1660277 elementor-widget elementor-widget-text-editor\" data-id=\"1660277\" data-element_type=\"widget\" data-e-type=\"widget\" data-widget_type=\"text-editor.default\">\n\t\t\t\t<div class=\"elementor-widget-container\">\n\t\t\t\t\t\t\t\t\t<p>Jordi Lorente Romero garanteix la privadesa de les dades de car\u00e0cter personal aportades, segons la LOPD. La visita a aquesta web no suposa que l'usuari estigui obligat a facilitar cap informaci\u00f3 sobre si mateix, per\u00f2 durant la visita \u00e9s possible que se sol\u00b7licitin dades de car\u00e0cter personal a trav\u00e9s de formularis.<\/p><p>Aquestes dades seran utilitzades per contestar la sol\u00b7licitud per la seva part realitzada i per a l'enviament de la mateixa, tamb\u00e9 seran utilitzades per enviar-li informaci\u00f3 de la nostra empresa i serveis per qualsevol mitj\u00e0 de comunicaci\u00f3, en enviar aquest formulari vost\u00e8 est\u00e0 acceptat expl\u00edcitament la recepci\u00f3 dels mateixos, en cas que no desitg\u00e9s rebre la nostra informaci\u00f3, \u00fanicament hauria d'enviar un correu electr\u00f2nic sol\u00b7licitant la baixa del nostre servei informatiu a info@ clients, el destinatari i responsable del fitxer i del tractament \u00e9s: Jordi Lorente Romero, Cam\u00ed del Castellet, s\/n 08233 Vacarisses (Barcelona) on podr\u00e0 exercitar els drets d'acc\u00e9s, rectificaci\u00f3, cancel\u00b7laci\u00f3 i oposici\u00f3, mitjan\u00e7ant escrit a l'adre\u00e7a abans indicada incloent-hi c\u00f2pia del DNI o document identificatiu equivalent.<\/p><p>La negativa a proporcionar les dades suposar\u00e0 la no-prestaci\u00f3 o la impossibilitat d'accedir al servei per als qui eren sol\u00b7licitats. Teniu dret a rebre resposta de qualsevol pregunta, consulta o aclariment que us sorgeixi derivada d'aquest formulari. En cas que aporteu les vostres dades a trav\u00e9s d'un missatge de correu electr\u00f2nic, aquest formar\u00e0 part del mateix fitxer la finalitat del qual ser\u00e0 la gesti\u00f3 de la sol\u00b7licitud o comentari que ens realitza, sent aplicables la resta d'extrems indicats al par\u00e0graf anterior.<\/p><p>Totes les seves dades seran donades de baixa definitivament de la nostra base de dades pels motius seg\u00fcents: 1r- a la vostra petici\u00f3. 2\u00ba- quan hagin deixat de ser necess\u00e0ries per als fins que van motivar la seva recollida. Les parts se sotmeten, a elecci\u00f3, per a la resoluci\u00f3 dels conflictes i amb ren\u00fancia a qualsevol altre fur, als jutjats i tribunals del domicili del propietari del lloc web.<\/p>\t\t\t\t\t\t\t\t<\/div>\n\t\t\t\t<\/div>\n\t\t\t\t<\/div>\n\t\t\t\t\t<\/div>\n\t\t\t\t<\/div>\n\t\t\t\t<\/div>","protected":false},"excerpt":{"rendered":"<p>Jordi Lorente Romero garanteix la privacitat de les dades de car\u00e0cter personal aportats, segons la LOPD. La visita a aquesta web no suposa que l\u2019usuari estigui obligat a facilitar cap informaci\u00f3 sobre si mateix, per\u00f2 durant la visita \u00e9s possible que se sol\u00b7licitin dades de car\u00e0cter personal a trav\u00e9s de formularis. Aquestes dades seran utilitzades [&hellip;]<\/p>\n","protected":false},"author":1,"featured_media":0,"parent":0,"menu_order":0,"comment_status":"closed","ping_status":"closed","template":"","meta":{"footnotes":""},"class_list":["post-240","page","type-page","status-publish","hentry"],"_links":{"self":[{"href":"https:\/\/formatgerialafrasera.com\/ca\/wp-json\/wp\/v2\/pages\/240","targetHints":{"allow":["GET"]}}],"collection":[{"href":"https:\/\/formatgerialafrasera.com\/ca\/wp-json\/wp\/v2\/pages"}],"about":[{"href":"https:\/\/formatgerialafrasera.com\/ca\/wp-json\/wp\/v2\/types\/page"}],"author":[{"embeddable":true,"href":"https:\/\/formatgerialafrasera.com\/ca\/wp-json\/wp\/v2\/users\/1"}],"replies":[{"embeddable":true,"href":"https:\/\/formatgerialafrasera.com\/ca\/wp-json\/wp\/v2\/comments?post=240"}],"version-history":[{"count":8,"href":"https:\/\/formatgerialafrasera.com\/ca\/wp-json\/wp\/v2\/pages\/240\/revisions"}],"predecessor-version":[{"id":3327,"href":"https:\/\/formatgerialafrasera.com\/ca\/wp-json\/wp\/v2\/pages\/240\/revisions\/3327"}],"wp:attachment":[{"href":"https:\/\/formatgerialafrasera.com\/ca\/wp-json\/wp\/v2\/media?parent=240"}],"curies":[{"name":"wp","href":"https:\/\/api.w.org\/{rel}","templated":true}]}}