{"id":248,"date":"2025-01-02T10:33:09","date_gmt":"2025-01-02T10:33:09","guid":{"rendered":"https:\/\/frasera.miexpertodigital1.store\/?page_id=248"},"modified":"2025-06-24T13:30:54","modified_gmt":"2025-06-24T11:30:54","slug":"politica-de-cookies","status":"publish","type":"page","link":"https:\/\/formatgerialafrasera.com\/ca\/politica-de-cookies\/","title":{"rendered":"Pol\u00edtica de cookies"},"content":{"rendered":"<div data-elementor-type=\"wp-page\" data-elementor-id=\"248\" class=\"elementor elementor-248\" data-elementor-post-type=\"page\">\n\t\t\t\t<div class=\"elementor-element elementor-element-6ef6826d e-con-full e-flex e-con e-parent\" data-id=\"6ef6826d\" data-element_type=\"container\" data-e-type=\"container\" data-settings=\"{&quot;background_background&quot;:&quot;classic&quot;}\">\n\t\t<div class=\"elementor-element elementor-element-65934364 e-flex e-con-boxed e-con e-child\" data-id=\"65934364\" data-element_type=\"container\" data-e-type=\"container\" data-settings=\"{&quot;background_background&quot;:&quot;classic&quot;}\">\n\t\t\t\t\t<div class=\"e-con-inner\">\n\t\t<div class=\"elementor-element elementor-element-4183293e e-con-full e-flex e-con e-child\" data-id=\"4183293e\" data-element_type=\"container\" data-e-type=\"container\">\n\t\t\t\t<div class=\"elementor-element elementor-element-43d0ba3 elementor-widget elementor-widget-spacer\" data-id=\"43d0ba3\" data-element_type=\"widget\" data-e-type=\"widget\" data-widget_type=\"spacer.default\">\n\t\t\t\t<div class=\"elementor-widget-container\">\n\t\t\t\t\t\t\t<div class=\"elementor-spacer\">\n\t\t\t<div class=\"elementor-spacer-inner\"><\/div>\n\t\t<\/div>\n\t\t\t\t\t\t<\/div>\n\t\t\t\t<\/div>\n\t\t\t\t<\/div>\n\t\t\t\t\t<\/div>\n\t\t\t\t<\/div>\n\t\t\t\t<\/div>\n\t\t<div class=\"elementor-element elementor-element-60b53238 e-flex e-con-boxed e-con e-parent\" data-id=\"60b53238\" data-element_type=\"container\" data-e-type=\"container\" data-settings=\"{&quot;background_background&quot;:&quot;classic&quot;}\">\n\t\t\t\t\t<div class=\"e-con-inner\">\n\t\t<div class=\"elementor-element elementor-element-9bca133 e-con-full e-flex e-con e-child\" data-id=\"9bca133\" data-element_type=\"container\" data-e-type=\"container\">\n\t\t\t\t<div class=\"elementor-element elementor-element-1660277 elementor-widget elementor-widget-text-editor\" data-id=\"1660277\" data-element_type=\"widget\" data-e-type=\"widget\" data-widget_type=\"text-editor.default\">\n\t\t\t\t<div class=\"elementor-widget-container\">\n\t\t\t\t\t\t\t\t\t<h4>Qu\u00e8 \u00e9s una galeta?<\/h4><p>Una galeta \u00e9s un petit arxiu de text que s'emmagatzema al navegador quan visita gaireb\u00e9 qualsevol p\u00e0gina web. La seva utilitat \u00e9s que la web sigui capa\u00e7 de recordar la vostra visita quan torneu a navegar per aquesta p\u00e0gina. Les galetes solen emmagatzemar informaci\u00f3 de car\u00e0cter t\u00e8cnic, prefer\u00e8ncies personals, personalitzaci\u00f3 de continguts, estad\u00edstiques d'\u00fas, links a xarxes socials, acc\u00e9s a comptes d'usuari, etc. L'objectiu de la galeta \u00e9s adaptar el contingut de la web al seu perfil i necessitats, sense galetes els serveis oferts per qualsevol p\u00e0gina es veurien minvats notablement. Si voleu consultar m\u00e9s informaci\u00f3 sobre qu\u00e8 s\u00f3n les cookies, qu\u00e8 s'emmagatzemen, com eliminar-les, desactivar-les, etc., us\u00a0<a href=\"https:\/\/formatgerialafrasera.com\/ca\/mas-informacion-sobre-las-cookies\/\">rogamos vaya al siguiente enlace.<\/a><\/p><h4>Cookies utilitzades en aquest lloc web<\/h4><p>Seguint les directrius de l'Ag\u00e8ncia Espanyola de Protecci\u00f3 de Dades procedim a detallar l'\u00fas de galetes que realitza aquesta web per informar-vos amb la m\u00e0xima exactitud possible.<\/p><p>Aquest lloc web utilitza les seg\u00fcents\u00a0<strong>cookies pr\u00f2pies:<\/strong><\/p><ul><li>Cookies de sessi\u00f3, per garantir que els usuaris que escriguin comentaris al bloc siguin humans i no aplicacions automatitzades. D'aquesta manera es combat el\u00a0<em>spam.<\/em><\/li><\/ul><p>Aquest lloc web utilitza les seg\u00fcents\u00a0<strong>cookies de tercers:<\/strong><\/p><ul><li>Google Analytics: Emmagatzema cookies per poder elaborar estad\u00edstiques sobre el tr\u00e0nsit i el volum de visites d'aquesta web. En utilitzar aquest lloc web est\u00e0 consentint el tractament dinformaci\u00f3 sobre vost\u00e8 per Google. Per tant, l'exercici de qualsevol dret en aquest sentit ho haur\u00e0 de fer comunicant directament amb Google.<\/li><li>Xarxes socials: Cada xarxa social utilitza les seves pr\u00f2pies galetes perqu\u00e8 pugueu punxar en botons del tipus M'agrada o Compartir.<\/li><\/ul><h4>Desactivaci\u00f3 o eliminaci\u00f3 de cookies<\/h4><p>En qualsevol moment podreu exercitar el vostre dret de desactivaci\u00f3 o eliminaci\u00f3 de cookies d'aquest lloc web. Aquestes accions es realitzen de manera diferent en funci\u00f3 del navegador que utilitzeu.\u00a0<a href=\"https:\/\/formatgerialafrasera.com\/ca\/mas-informacion-sobre-las-cookies\/#navegadores\">Aqu\u00ed us deixem una guia r\u00e0pida per als navegadors m\u00e9s populars.<\/a><\/p><h4>Notes addicionals<\/h4><ul><li>Ni aquesta web ni els seus representants legals es fan responsables ni del contingut ni de la veracitat de les pol\u00edtiques de privadesa que puguin tenir els tercers citats en aquesta pol\u00edtica de cookies.<\/li><li>Els navegadors web s\u00f3n les eines encarregades d'emmagatzemar les galetes i des d'aquest lloc d'efectuar el dret a eliminar-lo o desactivar-lo. Els navegadors web s\u00f3n les eines encarregades d'emmagatzemar les galetes i des d'aquest lloc d'efectuar el dret a eliminar-lo o desactivar-lo.<\/li><li>En alguns casos \u00e9s necessari instal\u00b7lar cookies perqu\u00e8 el navegador no oblidi la seva decisi\u00f3 de no acceptar-les.<\/li><li class=\"translation-block\">En el cas de les galetes de Google Analytics, aquesta empresa emmagatzema les galetes als servidors als Estats Units i es compromet a no compartir-la amb tercers, excepte en els casos en qu\u00e8 sigui necessari per al funcionament del sistema o quan la llei obligui a aquest efecte. Segons Google no desa la vostra adre\u00e7a IP. Google Inc \u00e9s una companyia adherida a l'Acord de Port Segur que garanteix que totes les dades transferides seran tractades amb un nivell de protecci\u00f3 d'acord amb la normativa europea. Podeu consultar informaci\u00f3 detallada sobre aix\u00f2<\/li><li>Per a qualsevol dubte o consulta sobre aquesta pol\u00edtica de cookies, no dubteu a comunicar-vos amb nosaltres a trav\u00e9s de la secci\u00f3 de contacte.<\/li><\/ul>\t\t\t\t\t\t\t\t<\/div>\n\t\t\t\t<\/div>\n\t\t\t\t<\/div>\n\t\t\t\t\t<\/div>\n\t\t\t\t<\/div>\n\t\t\t\t<\/div>","protected":false},"excerpt":{"rendered":"<p>\u00bfQu\u00e8 \u00e9s una cookie? Una cookie es un peque\u00f1o archivo de texto que se almacena en su navegador cuando visita casi cualquier p\u00e1gina web. Su utilidad es que la web sea capaz de recordar su visita cuando vuelva a navegar por esa p\u00e1gina. Las cookies suelen almacenar informaci\u00f3n de car\u00e1cter t\u00e9cnico, preferencias personales, personalizaci\u00f3n de [&hellip;]<\/p>\n","protected":false},"author":1,"featured_media":0,"parent":0,"menu_order":0,"comment_status":"closed","ping_status":"closed","template":"","meta":{"footnotes":""},"class_list":["post-248","page","type-page","status-publish","hentry"],"_links":{"self":[{"href":"https:\/\/formatgerialafrasera.com\/ca\/wp-json\/wp\/v2\/pages\/248","targetHints":{"allow":["GET"]}}],"collection":[{"href":"https:\/\/formatgerialafrasera.com\/ca\/wp-json\/wp\/v2\/pages"}],"about":[{"href":"https:\/\/formatgerialafrasera.com\/ca\/wp-json\/wp\/v2\/types\/page"}],"author":[{"embeddable":true,"href":"https:\/\/formatgerialafrasera.com\/ca\/wp-json\/wp\/v2\/users\/1"}],"replies":[{"embeddable":true,"href":"https:\/\/formatgerialafrasera.com\/ca\/wp-json\/wp\/v2\/comments?post=248"}],"version-history":[{"count":5,"href":"https:\/\/formatgerialafrasera.com\/ca\/wp-json\/wp\/v2\/pages\/248\/revisions"}],"predecessor-version":[{"id":3330,"href":"https:\/\/formatgerialafrasera.com\/ca\/wp-json\/wp\/v2\/pages\/248\/revisions\/3330"}],"wp:attachment":[{"href":"https:\/\/formatgerialafrasera.com\/ca\/wp-json\/wp\/v2\/media?parent=248"}],"curies":[{"name":"wp","href":"https:\/\/api.w.org\/{rel}","templated":true}]}}