{"id":254,"date":"2025-01-02T11:31:47","date_gmt":"2025-01-02T11:31:47","guid":{"rendered":"https:\/\/frasera.miexpertodigital1.store\/?page_id=254"},"modified":"2025-06-24T13:31:01","modified_gmt":"2025-06-24T11:31:01","slug":"politica-de-privacidad","status":"publish","type":"page","link":"https:\/\/formatgerialafrasera.com\/ca\/politica-de-privacidad\/","title":{"rendered":"Pol\u00edtica de privacitat"},"content":{"rendered":"<div data-elementor-type=\"wp-page\" data-elementor-id=\"254\" class=\"elementor elementor-254\" data-elementor-post-type=\"page\">\n\t\t\t\t<div class=\"elementor-element elementor-element-6ef6826d e-con-full e-flex e-con e-parent\" data-id=\"6ef6826d\" data-element_type=\"container\" data-e-type=\"container\" data-settings=\"{&quot;background_background&quot;:&quot;classic&quot;}\">\n\t\t<div class=\"elementor-element elementor-element-65934364 e-flex e-con-boxed e-con e-child\" data-id=\"65934364\" data-element_type=\"container\" data-e-type=\"container\" data-settings=\"{&quot;background_background&quot;:&quot;classic&quot;}\">\n\t\t\t\t\t<div class=\"e-con-inner\">\n\t\t<div class=\"elementor-element elementor-element-4183293e e-con-full e-flex e-con e-child\" data-id=\"4183293e\" data-element_type=\"container\" data-e-type=\"container\">\n\t\t\t\t<div class=\"elementor-element elementor-element-43d0ba3 elementor-widget elementor-widget-spacer\" data-id=\"43d0ba3\" data-element_type=\"widget\" data-e-type=\"widget\" data-widget_type=\"spacer.default\">\n\t\t\t\t<div class=\"elementor-widget-container\">\n\t\t\t\t\t\t\t<div class=\"elementor-spacer\">\n\t\t\t<div class=\"elementor-spacer-inner\"><\/div>\n\t\t<\/div>\n\t\t\t\t\t\t<\/div>\n\t\t\t\t<\/div>\n\t\t\t\t<\/div>\n\t\t\t\t\t<\/div>\n\t\t\t\t<\/div>\n\t\t\t\t<\/div>\n\t\t<div class=\"elementor-element elementor-element-60b53238 e-flex e-con-boxed e-con e-parent\" data-id=\"60b53238\" data-element_type=\"container\" data-e-type=\"container\" data-settings=\"{&quot;background_background&quot;:&quot;classic&quot;}\">\n\t\t\t\t\t<div class=\"e-con-inner\">\n\t\t<div class=\"elementor-element elementor-element-9bca133 e-con-full e-flex e-con e-child\" data-id=\"9bca133\" data-element_type=\"container\" data-e-type=\"container\">\n\t\t\t\t<div class=\"elementor-element elementor-element-1660277 elementor-widget elementor-widget-text-editor\" data-id=\"1660277\" data-element_type=\"widget\" data-e-type=\"widget\" data-widget_type=\"text-editor.default\">\n\t\t\t\t<div class=\"elementor-widget-container\">\n\t\t\t\t\t\t\t\t\t<h4><strong>TITULARITAT WEB<\/strong><\/h4><p>En compliment de l'article 10 de la Llei 34\/2002 d'11 de juliol de Serveis de la Societat de la Informaci\u00f3 i de Comer\u00e7 Electr\u00f2nic, Jordi Lorente Romero, en qualitat de titular del lloc web www.formatgerialafrasera.com us comunica les dades identificatives exigides per la llei.<\/p><ul><li>Titular: Jordi Lorente Romero DNI:46539910P<\/li><li>Adre\u00e7a de correu electr\u00f2nic: info@formatgerialafrasera.com<\/li><li>Domicili social: Josep Trueta 5, 08233 Vacarisses, Barcelona<\/li><\/ul><p>Aquesta informaci\u00f3 regula les condicions d\u00fas, les limitacions de responsabilitat i les obligacions que els usuaris de la p\u00e0gina web que es publica sota el nom del domini www.formatgerialafrasera.com les que els usuaris assumeixen i es comprometen a respectar.<\/p><p>A m\u00e9s, no nom\u00e9s complim amb la normativa espanyola, sin\u00f3 tamb\u00e9 amb la legislaci\u00f3 a nivell europeu amb el REGLAMENT (UE) 2016\/679 del Parlament Europeu i del Consell, de 27 d'abril del 2016<\/p><h4><b>COOKIES<\/b><\/h4><p>Aquesta p\u00e0gina web utilitza tecnologia \u00abcookies\u00bb<\/p><p>Descripci\u00f3: Les galetes constitueixen una eina emprada pels servidors web per emmagatzemar i recuperar informaci\u00f3 sobre els seus visitants. No \u00e9s m\u00e9s que un fitxer de text que alguns servidors demanen al nostre navegador que escrigui al nostre disc dur, amb informaci\u00f3 sobre el que hem estat visitant per aquestes p\u00e0gines.<\/p><p>Tenen una data de caducitat, que pot oscil\u00b7lar des del temps que duri la sessi\u00f3 fins a una data futura especificada, a partir de la qual deixen de ser operatives. Formatgeria la fraseri utilitza cookies per facilitar la navegaci\u00f3 per aquest portal i per obtenir una major efic\u00e0cia i personalitzaci\u00f3 dels serveis oferts als usuaris. Les cookies utilitzades a www.formatgerialafrasera.com associen \u00fanicament amb un usuari an\u00f2nim i el seu ordinador, no proporcionen refer\u00e8ncies que permetin deduir el nom i cognoms de l'Usuari i no poden llegir dades del disc dur ni incloure virus als seus equips. Aix\u00ed mateix, Formatgeria la fraseri no pot llegir les galetes implantades al disc dur de l'usuari des d'altres servidors.<\/p><p>L'usuari pot decidir lliurement sobre la implantaci\u00f3 o no al seu disc dur de les cookies emprades a www.formatgerialafrasera.com. En aquest sentit, l'usuari pot configurar el seu navegador per acceptar o rebutjar per defecte totes les cookies o per rebre un av\u00eds en pantalla de la recepci\u00f3 de cada galeta i decidir en aquell moment la seva implantaci\u00f3 o no al disc dur. Per aix\u00f2 us suggerim consultar la secci\u00f3 d'ajuda del vostre navegador per saber com canviar la configuraci\u00f3 que actualment utilitza. Encara que l'usuari configur\u00e9 el seu navegador per rebutjar totes les galetes o rebutjar expressament les galetes de www.formatgerialafrasera.com podr\u00e0 navegar pel portal amb l'\u00fanic inconvenient de no poder gaudir de les funcionalitats del portal que requereixin la instal\u00b7laci\u00f3 d'alguna. En qualsevol cas, l'usuari podr\u00e0 eliminar les cookies de www.formatgerialafrasera.com implantades al vostre disc dur en qualsevol moment, seguint el procediment establert a la secci\u00f3 d'ajuda del vostre navegador.<\/p><h4><b>CONDICIONS D'\u00daS<\/b><\/h4><p>La utilitzaci\u00f3 de la p\u00e0gina atorga la utilitzaci\u00f3 d\u201fusuari i implica l\u201facceptaci\u00f3 de les condicions de l\u201fav\u00eds legal, pol\u00edtica de privadesa i condicions d\u201f\u00fas, si l\u201fusuari no estigu\u00e9s d\u201facord, s\u201fabstindr\u00e0 d\u201futilitzar la p\u00e0gina. L'usuari est\u00e0 obligat i es compromet a utilitzar la p\u00e0gina i els continguts de conformitat amb la legislaci\u00f3 vigent, l'Av\u00eds Legal, i qualsevol altre av\u00eds contingut en aquesta p\u00e0gina, aix\u00ed com amb les normes de conviv\u00e8ncia, la moral i els bons costums generalment acceptats. L'usuari s'obliga i es compromet a no transmetre, difondre o posar a disposici\u00f3 de tercers qualsevol contingut de la p\u00e0gina, tals com informacions, textos, dades, continguts, missatges, gr\u00e0fics, dibuixos, arxius de so i\/o imatge, fotografies, enregistraments, programari, logotips, marques, icones, tecnologia, fotografies, programari, enlla\u00e7os, disseny gr\u00e0fic i material de la font, P\u00e0gina, sense que aquesta enumeraci\u00f3 tingui car\u00e0cter limitatiu.<\/p><h4><b>PROPIETAT INTEL\u00b7LECTUAL<\/b><\/h4><p>Totes les marques, noms comercials o signes distintius de qualsevol classe que apareixen a la P\u00e0gina s\u00f3n propietat de Jordi Lorente Romero o, si escau, de tercers que n'han autoritzat l'\u00fas, sense que es pugui entendre que l'\u00fas o acc\u00e9s al Portal i\/o als continguts atribueixi a l'usuari cap dret sobre les esmentades marques, noms comercials i\/o signes distintius, i sense que que existeixen o puguin existir sobre aquests continguts. I no ent\u00e9n cedits ni se n'autoritza la utilitzaci\u00f3, en cap cas, els usuaris de la p\u00e0gina llevat que s'obtinguin aquests drets per escrit del leg\u00edtim titular dels mateixos.<\/p>\t\t\t\t\t\t\t\t<\/div>\n\t\t\t\t<\/div>\n\t\t\t\t<\/div>\n\t\t\t\t\t<\/div>\n\t\t\t\t<\/div>\n\t\t\t\t<\/div>","protected":false},"excerpt":{"rendered":"<p>TITULARIDAD WEB En cumplimiento del art\u00edculo 10 de la Ley 34\/2002 de 11 de julio de Servicios de la Sociedad de la Informaci\u00f3n y de Comercio Electr\u00f3nico, Jordi Lorente Romero, en calidad de titular del sitio web www.formatgerialafrasera.com le comunica los datos identificativos exigidas por la ley. Titular: Jordi Lorente Romero DNI:46539910P Direcci\u00f3n de correo [&hellip;]<\/p>\n","protected":false},"author":1,"featured_media":0,"parent":0,"menu_order":0,"comment_status":"closed","ping_status":"closed","template":"","meta":{"footnotes":""},"class_list":["post-254","page","type-page","status-publish","hentry"],"_links":{"self":[{"href":"https:\/\/formatgerialafrasera.com\/ca\/wp-json\/wp\/v2\/pages\/254","targetHints":{"allow":["GET"]}}],"collection":[{"href":"https:\/\/formatgerialafrasera.com\/ca\/wp-json\/wp\/v2\/pages"}],"about":[{"href":"https:\/\/formatgerialafrasera.com\/ca\/wp-json\/wp\/v2\/types\/page"}],"author":[{"embeddable":true,"href":"https:\/\/formatgerialafrasera.com\/ca\/wp-json\/wp\/v2\/users\/1"}],"replies":[{"embeddable":true,"href":"https:\/\/formatgerialafrasera.com\/ca\/wp-json\/wp\/v2\/comments?post=254"}],"version-history":[{"count":8,"href":"https:\/\/formatgerialafrasera.com\/ca\/wp-json\/wp\/v2\/pages\/254\/revisions"}],"predecessor-version":[{"id":3331,"href":"https:\/\/formatgerialafrasera.com\/ca\/wp-json\/wp\/v2\/pages\/254\/revisions\/3331"}],"wp:attachment":[{"href":"https:\/\/formatgerialafrasera.com\/ca\/wp-json\/wp\/v2\/media?parent=254"}],"curies":[{"name":"wp","href":"https:\/\/api.w.org\/{rel}","templated":true}]}}