{"id":331,"date":"2025-01-03T09:42:38","date_gmt":"2025-01-03T08:42:38","guid":{"rendered":"https:\/\/frasera.miexpertodigital1.store\/?page_id=331"},"modified":"2025-01-03T09:43:21","modified_gmt":"2025-01-03T08:43:21","slug":"devoluciones","status":"publish","type":"page","link":"https:\/\/formatgerialafrasera.com\/ca\/devoluciones\/","title":{"rendered":"Devolucions"},"content":{"rendered":"<div data-elementor-type=\"wp-page\" data-elementor-id=\"331\" class=\"elementor elementor-331\" data-elementor-post-type=\"page\">\n\t\t\t\t<div class=\"elementor-element elementor-element-6ef6826d e-con-full e-flex e-con e-parent\" data-id=\"6ef6826d\" data-element_type=\"container\" data-e-type=\"container\" data-settings=\"{&quot;background_background&quot;:&quot;classic&quot;}\">\n\t\t<div class=\"elementor-element elementor-element-65934364 e-flex e-con-boxed e-con e-child\" data-id=\"65934364\" data-element_type=\"container\" data-e-type=\"container\" data-settings=\"{&quot;background_background&quot;:&quot;classic&quot;}\">\n\t\t\t\t\t<div class=\"e-con-inner\">\n\t\t<div class=\"elementor-element elementor-element-4183293e e-con-full e-flex e-con e-child\" data-id=\"4183293e\" data-element_type=\"container\" data-e-type=\"container\">\n\t\t\t\t<div class=\"elementor-element elementor-element-43d0ba3 elementor-widget elementor-widget-spacer\" data-id=\"43d0ba3\" data-element_type=\"widget\" data-e-type=\"widget\" data-widget_type=\"spacer.default\">\n\t\t\t\t<div class=\"elementor-widget-container\">\n\t\t\t\t\t\t\t<div class=\"elementor-spacer\">\n\t\t\t<div class=\"elementor-spacer-inner\"><\/div>\n\t\t<\/div>\n\t\t\t\t\t\t<\/div>\n\t\t\t\t<\/div>\n\t\t\t\t<\/div>\n\t\t\t\t\t<\/div>\n\t\t\t\t<\/div>\n\t\t\t\t<\/div>\n\t\t<div class=\"elementor-element elementor-element-60b53238 e-flex e-con-boxed e-con e-parent\" data-id=\"60b53238\" data-element_type=\"container\" data-e-type=\"container\" data-settings=\"{&quot;background_background&quot;:&quot;classic&quot;}\">\n\t\t\t\t\t<div class=\"e-con-inner\">\n\t\t<div class=\"elementor-element elementor-element-9bca133 e-con-full e-flex e-con e-child\" data-id=\"9bca133\" data-element_type=\"container\" data-e-type=\"container\">\n\t\t\t\t<div class=\"elementor-element elementor-element-1660277 elementor-widget elementor-widget-text-editor\" data-id=\"1660277\" data-element_type=\"widget\" data-e-type=\"widget\" data-widget_type=\"text-editor.default\">\n\t\t\t\t<div class=\"elementor-widget-container\">\n\t\t\t\t\t\t\t\t\t<p>D'acord amb la\u00a0<strong>Llei d'Ordenaci\u00f3 del Comer\u00e7 Minorista<\/strong>\u00a0aix\u00ed com en el regulat per la\u00a0<strong>normativa comunit\u00e0ria (Directiva 97\/7 \/ CE)<\/strong>, disposes de 7 dies des de la recepci\u00f3 per desistir volunt\u00e0riament de la teva compra.<\/p><p>Realitzant la devoluci\u00f3 en aquest termini, caldr\u00e0 tornar la compra amb tots els seus productes, amb\u00a0<strong>el seu embalatge i precinte original<\/strong>\u00a0sense trencar i en perfecte estat.<\/p><p>No s'acceptaran devolucions de productes que\u00a0<strong>no vinguin amb el seu embalatge original<\/strong>, llevat que aquests siguin defectuosos.<\/p><p>Es reemborsar\u00e0 l'import de la comanda pel mateix m\u00e8tode de pagament en qu\u00e8 es va fer la compra un cop s'hagi comprovat que la mercaderia compleix les condicions anteriors.<\/p><p>En el cas de\u00a0<strong>devolucions comercials<\/strong>, haur\u00e0s de c\u00f3rrer amb les despeses de transport. Per sol\u00b7licitar aquesta devoluci\u00f3 ho has de comunicar per correu electr\u00f2nic.<\/p><p>En cas que en el moment del lliurament\u00a0<strong>el producte sigui defectu\u00f3s<\/strong>, FORMATGERIA LA fraseri substituir\u00e0 per un de nou sense cost extra per a tu, en funci\u00f3 del tipus de defecte.<\/p><p>En cas que el defecte provingui d'una incid\u00e8ncia en transport, no haureu d'acceptar i ho haureu de comunicar en el termini de 24 hores des de la recepci\u00f3 per correu electr\u00f2nic.<\/p><p>El termini acaba una vegada passats els primers 7 dies des del lliurament, en qu\u00e8 podr\u00e0s tornar o sol\u00b7licitar un canvi perqu\u00e8 un producte sigui defectu\u00f3s.<\/p><p>Devoluci\u00f3\u00a0<strong>de productes comprats sota codis promocionals<\/strong>\u00a0es fonamentaran en els termes del preu promocional.<\/p><p>Els drets legals no es veuran afectats.<\/p>\t\t\t\t\t\t\t\t<\/div>\n\t\t\t\t<\/div>\n\t\t\t\t<\/div>\n\t\t\t\t\t<\/div>\n\t\t\t\t<\/div>\n\t\t\t\t<\/div>","protected":false},"excerpt":{"rendered":"<p>De acuerdo con la\u00a0Ley de Ordenaci\u00f3n del Comercio Minorista\u00a0as\u00ed como en lo regulado por la\u00a0normativa comunitaria (Directiva 97\/7 \/ CE), dispones de 7 d\u00edas desde la recepci\u00f3n por desistir voluntariamente de tu compra. Realizando la devoluci\u00f3n en este plazo, se deber\u00e1 devolver la compra con todos sus productos, con\u00a0su embalaje y precinto original\u00a0sin romper y [&hellip;]<\/p>\n","protected":false},"author":1,"featured_media":0,"parent":0,"menu_order":0,"comment_status":"closed","ping_status":"closed","template":"","meta":{"footnotes":""},"class_list":["post-331","page","type-page","status-publish","hentry"],"_links":{"self":[{"href":"https:\/\/formatgerialafrasera.com\/ca\/wp-json\/wp\/v2\/pages\/331","targetHints":{"allow":["GET"]}}],"collection":[{"href":"https:\/\/formatgerialafrasera.com\/ca\/wp-json\/wp\/v2\/pages"}],"about":[{"href":"https:\/\/formatgerialafrasera.com\/ca\/wp-json\/wp\/v2\/types\/page"}],"author":[{"embeddable":true,"href":"https:\/\/formatgerialafrasera.com\/ca\/wp-json\/wp\/v2\/users\/1"}],"replies":[{"embeddable":true,"href":"https:\/\/formatgerialafrasera.com\/ca\/wp-json\/wp\/v2\/comments?post=331"}],"version-history":[{"count":4,"href":"https:\/\/formatgerialafrasera.com\/ca\/wp-json\/wp\/v2\/pages\/331\/revisions"}],"predecessor-version":[{"id":335,"href":"https:\/\/formatgerialafrasera.com\/ca\/wp-json\/wp\/v2\/pages\/331\/revisions\/335"}],"wp:attachment":[{"href":"https:\/\/formatgerialafrasera.com\/ca\/wp-json\/wp\/v2\/media?parent=331"}],"curies":[{"name":"wp","href":"https:\/\/api.w.org\/{rel}","templated":true}]}}