{"id":341,"date":"2025-01-03T09:49:11","date_gmt":"2025-01-03T08:49:11","guid":{"rendered":"https:\/\/frasera.miexpertodigital1.store\/?page_id=341"},"modified":"2025-06-24T13:27:32","modified_gmt":"2025-06-24T11:27:32","slug":"envios-y-fechas-de-entrega","status":"publish","type":"page","link":"https:\/\/formatgerialafrasera.com\/ca\/envios-y-fechas-de-entrega\/","title":{"rendered":"Enviaments i dates de lliurament"},"content":{"rendered":"<div data-elementor-type=\"wp-page\" data-elementor-id=\"341\" class=\"elementor elementor-341\" data-elementor-post-type=\"page\">\n\t\t\t\t<div class=\"elementor-element elementor-element-6ef6826d e-con-full e-flex e-con e-parent\" data-id=\"6ef6826d\" data-element_type=\"container\" data-e-type=\"container\" data-settings=\"{&quot;background_background&quot;:&quot;classic&quot;}\">\n\t\t<div class=\"elementor-element elementor-element-65934364 e-flex e-con-boxed e-con e-child\" data-id=\"65934364\" data-element_type=\"container\" data-e-type=\"container\" data-settings=\"{&quot;background_background&quot;:&quot;classic&quot;}\">\n\t\t\t\t\t<div class=\"e-con-inner\">\n\t\t<div class=\"elementor-element elementor-element-4183293e e-con-full e-flex e-con e-child\" data-id=\"4183293e\" data-element_type=\"container\" data-e-type=\"container\">\n\t\t\t\t<div class=\"elementor-element elementor-element-43d0ba3 elementor-widget elementor-widget-spacer\" data-id=\"43d0ba3\" data-element_type=\"widget\" data-e-type=\"widget\" data-widget_type=\"spacer.default\">\n\t\t\t\t<div class=\"elementor-widget-container\">\n\t\t\t\t\t\t\t<div class=\"elementor-spacer\">\n\t\t\t<div class=\"elementor-spacer-inner\"><\/div>\n\t\t<\/div>\n\t\t\t\t\t\t<\/div>\n\t\t\t\t<\/div>\n\t\t\t\t<\/div>\n\t\t\t\t\t<\/div>\n\t\t\t\t<\/div>\n\t\t\t\t<\/div>\n\t\t<div class=\"elementor-element elementor-element-60b53238 e-flex e-con-boxed e-con e-parent\" data-id=\"60b53238\" data-element_type=\"container\" data-e-type=\"container\" data-settings=\"{&quot;background_background&quot;:&quot;classic&quot;}\">\n\t\t\t\t\t<div class=\"e-con-inner\">\n\t\t<div class=\"elementor-element elementor-element-9bca133 e-con-full e-flex e-con e-child\" data-id=\"9bca133\" data-element_type=\"container\" data-e-type=\"container\">\n\t\t\t\t<div class=\"elementor-element elementor-element-1660277 elementor-widget elementor-widget-text-editor\" data-id=\"1660277\" data-element_type=\"widget\" data-e-type=\"widget\" data-widget_type=\"text-editor.default\">\n\t\t\t\t<div class=\"elementor-widget-container\">\n\t\t\t\t\t\t\t\t\t<p><strong>Les comandes realitzades a partir de dijous a les 14:00 hores se serviran a partir el dimarts seg\u00fcent<\/strong>.<\/p><p>S'enviaran directament des de\u00a0<a href=\"https:\/\/formatgerialafrasera.com\/ca\/\">formatgerialafrasera.com<\/a>\u00a0a trav\u00e9s de l'empresa\u00a0<strong>SEUR<\/strong>\u00a0amb transport refrigerat i mantenint la cadena de fred entre 2\u00ba i 8\u00ba C per rebre la comanda en perfectes condicions.<\/p><p>Tamb\u00e9 podeu fer la recollida de dilluns a divendres de 8 a 13 hores a les nostres instal\u00b7lacions i estalviar les despeses de transport.<\/p><p>Els\u00a0<strong>enviaments es fan a la Pen\u00ednsula ia les Illes Balears<\/strong>\u00a0(consulteu tarifes).\u00a0<strong>Queden excloses<\/strong>\u00a0del repartiment: Andorra, les Illes Can\u00e0ries, Ceuta, Melilla i Portugal.<\/p><p>L'empresa de transport es posar\u00e0 en contacte amb tu per gestionar la data de lliurament.<\/p><p>Si no rebeu la compra en el temps estimat, contacteu amb el nostre Servei d'Atenci\u00f3 al Client per email a\u00a0<a href=\"mailto:info@formatgerialafrasera.com\">info@formatgerialafrasera.com<\/a>\u00a0o trucant al 659 803 698.<\/p><p>Des del moment en qu\u00e8 tinguem la teva notificaci\u00f3, farem les gestions oportunes per esbrinar per qu\u00e8 no l'ha rebut i posar les mesures oportunes perqu\u00e8 t'arribi.<\/p>\t\t\t\t\t\t\t\t<\/div>\n\t\t\t\t<\/div>\n\t\t\t\t<\/div>\n\t\t\t\t\t<\/div>\n\t\t\t\t<\/div>\n\t\t\t\t<\/div>","protected":false},"excerpt":{"rendered":"<p>Los pedidos realizados a partir del jueves a las 14:00 horas se servir\u00e1n a partir el martes siguiente. Se enviar\u00e1n directamente desde\u00a0formatgerialafrasera.com\u00a0a trav\u00e9s de la empresa\u00a0SEUR\u00a0con transporte refrigerado y manteniendo la cadena de fr\u00edo entre 2\u00ba y 8\u00ba C para recibir su pedido en perfectas condiciones. Tambi\u00e9n puede hacer la recogida de lunes a viernes [&hellip;]<\/p>\n","protected":false},"author":1,"featured_media":0,"parent":0,"menu_order":0,"comment_status":"closed","ping_status":"closed","template":"","meta":{"footnotes":""},"class_list":["post-341","page","type-page","status-publish","hentry"],"_links":{"self":[{"href":"https:\/\/formatgerialafrasera.com\/ca\/wp-json\/wp\/v2\/pages\/341","targetHints":{"allow":["GET"]}}],"collection":[{"href":"https:\/\/formatgerialafrasera.com\/ca\/wp-json\/wp\/v2\/pages"}],"about":[{"href":"https:\/\/formatgerialafrasera.com\/ca\/wp-json\/wp\/v2\/types\/page"}],"author":[{"embeddable":true,"href":"https:\/\/formatgerialafrasera.com\/ca\/wp-json\/wp\/v2\/users\/1"}],"replies":[{"embeddable":true,"href":"https:\/\/formatgerialafrasera.com\/ca\/wp-json\/wp\/v2\/comments?post=341"}],"version-history":[{"count":5,"href":"https:\/\/formatgerialafrasera.com\/ca\/wp-json\/wp\/v2\/pages\/341\/revisions"}],"predecessor-version":[{"id":3324,"href":"https:\/\/formatgerialafrasera.com\/ca\/wp-json\/wp\/v2\/pages\/341\/revisions\/3324"}],"wp:attachment":[{"href":"https:\/\/formatgerialafrasera.com\/ca\/wp-json\/wp\/v2\/media?parent=341"}],"curies":[{"name":"wp","href":"https:\/\/api.w.org\/{rel}","templated":true}]}}