{"id":265,"date":"2025-01-02T11:45:07","date_gmt":"2025-01-02T11:45:07","guid":{"rendered":"https:\/\/frasera.miexpertodigital1.store\/?post_type=product&#038;p=265"},"modified":"2026-03-22T21:24:56","modified_gmt":"2026-03-22T20:24:56","slug":"mato-de-cabra","status":"publish","type":"product","link":"https:\/\/formatgerialafrasera.com\/ca\/shop\/mato-de-cabra\/","title":{"rendered":"Mat\u00f3 de cabra"},"content":{"rendered":"","protected":false},"excerpt":{"rendered":"<p>Aut\u00e8ntic mat\u00f3 artesanal de cabra, elaborat a l'estil tradicional. \u00c9s un formatge que no porta sal i es consumeix en pocs dies, \u00e9s ideal per menjar-lo amb mel o melmelada. Molt sabor\u00f3s suau al paladar. Sa i natural. Delici\u00f3s.<\/p>\n<p>Terrina 250 gr.<\/p>","protected":false},"featured_media":266,"comment_status":"open","ping_status":"closed","template":"","meta":[],"product_brand":[],"product_cat":[21],"product_tag":[],"class_list":{"0":"post-265","1":"product","2":"type-product","3":"status-publish","4":"has-post-thumbnail","6":"product_cat-uncategorized","8":"first","9":"instock","10":"taxable","11":"shipping-taxable","12":"purchasable","13":"product-type-simple"},"_links":{"self":[{"href":"https:\/\/formatgerialafrasera.com\/ca\/wp-json\/wp\/v2\/product\/265","targetHints":{"allow":["GET"]}}],"collection":[{"href":"https:\/\/formatgerialafrasera.com\/ca\/wp-json\/wp\/v2\/product"}],"about":[{"href":"https:\/\/formatgerialafrasera.com\/ca\/wp-json\/wp\/v2\/types\/product"}],"replies":[{"embeddable":true,"href":"https:\/\/formatgerialafrasera.com\/ca\/wp-json\/wp\/v2\/comments?post=265"}],"wp:featuredmedia":[{"embeddable":true,"href":"https:\/\/formatgerialafrasera.com\/ca\/wp-json\/wp\/v2\/media\/266"}],"wp:attachment":[{"href":"https:\/\/formatgerialafrasera.com\/ca\/wp-json\/wp\/v2\/media?parent=265"}],"wp:term":[{"taxonomy":"product_brand","embeddable":true,"href":"https:\/\/formatgerialafrasera.com\/ca\/wp-json\/wp\/v2\/product_brand?post=265"},{"taxonomy":"product_cat","embeddable":true,"href":"https:\/\/formatgerialafrasera.com\/ca\/wp-json\/wp\/v2\/product_cat?post=265"},{"taxonomy":"product_tag","embeddable":true,"href":"https:\/\/formatgerialafrasera.com\/ca\/wp-json\/wp\/v2\/product_tag?post=265"}],"curies":[{"name":"wp","href":"https:\/\/api.w.org\/{rel}","templated":true}]}}