{"id":267,"date":"2025-01-02T11:48:10","date_gmt":"2025-01-02T11:48:10","guid":{"rendered":"https:\/\/frasera.miexpertodigital1.store\/?post_type=product&#038;p=267"},"modified":"2026-03-22T21:24:21","modified_gmt":"2026-03-22T20:24:21","slug":"la-torrota","status":"publish","type":"product","link":"https:\/\/formatgerialafrasera.com\/ca\/shop\/la-torrota\/","title":{"rendered":"La Torrota"},"content":{"rendered":"","protected":false},"excerpt":{"rendered":"<p>Quallada l\u00e0ctica de curta maduraci\u00f3 a partir de llet pasteuritzada de cabra, amb escor\u00e7a florida i de color blanc al tall.<\/p>\n<p>Textura tova i cremosa,<br \/>\ni humida a la boca, que penetra profundament<br \/>\nal paladar, sorprenent. A la boca s'allarga amb un regust intens i agradable. Segons el temps de maduraci\u00f3, presenta a l'escor\u00e7a tocs picants a la boca.<\/p>\n<p>En la seva maduraci\u00f3 desenvolupa en superf\u00edcie fongs entre blaus i grisos que li donen un aspecte i un sabor caracter\u00edstic.<\/p>\n<p>180 gr. aprox.<\/p>","protected":false},"featured_media":268,"comment_status":"open","ping_status":"closed","template":"","meta":[],"product_brand":[],"product_cat":[21],"product_tag":[],"class_list":{"0":"post-267","1":"product","2":"type-product","3":"status-publish","4":"has-post-thumbnail","6":"product_cat-uncategorized","8":"first","9":"instock","10":"taxable","11":"shipping-taxable","12":"purchasable","13":"product-type-simple"},"_links":{"self":[{"href":"https:\/\/formatgerialafrasera.com\/ca\/wp-json\/wp\/v2\/product\/267","targetHints":{"allow":["GET"]}}],"collection":[{"href":"https:\/\/formatgerialafrasera.com\/ca\/wp-json\/wp\/v2\/product"}],"about":[{"href":"https:\/\/formatgerialafrasera.com\/ca\/wp-json\/wp\/v2\/types\/product"}],"replies":[{"embeddable":true,"href":"https:\/\/formatgerialafrasera.com\/ca\/wp-json\/wp\/v2\/comments?post=267"}],"wp:featuredmedia":[{"embeddable":true,"href":"https:\/\/formatgerialafrasera.com\/ca\/wp-json\/wp\/v2\/media\/268"}],"wp:attachment":[{"href":"https:\/\/formatgerialafrasera.com\/ca\/wp-json\/wp\/v2\/media?parent=267"}],"wp:term":[{"taxonomy":"product_brand","embeddable":true,"href":"https:\/\/formatgerialafrasera.com\/ca\/wp-json\/wp\/v2\/product_brand?post=267"},{"taxonomy":"product_cat","embeddable":true,"href":"https:\/\/formatgerialafrasera.com\/ca\/wp-json\/wp\/v2\/product_cat?post=267"},{"taxonomy":"product_tag","embeddable":true,"href":"https:\/\/formatgerialafrasera.com\/ca\/wp-json\/wp\/v2\/product_tag?post=267"}],"curies":[{"name":"wp","href":"https:\/\/api.w.org\/{rel}","templated":true}]}}