{"id":270,"date":"2025-01-02T11:53:09","date_gmt":"2025-01-02T11:53:09","guid":{"rendered":"https:\/\/frasera.miexpertodigital1.store\/?post_type=product&#038;p=270"},"modified":"2026-03-22T21:24:00","modified_gmt":"2026-03-22T20:24:00","slug":"rodo-de-cendra","status":"publish","type":"product","link":"https:\/\/formatgerialafrasera.com\/ca\/shop\/rodo-de-cendra\/","title":{"rendered":"Rod\u00f3 de cendra"},"content":{"rendered":"","protected":false},"excerpt":{"rendered":"<p>Quallada l\u00e0ctica de curta maduraci\u00f3 a partir de llet pasteuritzada de cabra, amb escor\u00e7a florida i de color blanc al tall. Textura tova i cremosa que penetra profundament al paladar. Olor \u00e0cida i de notes l\u00e0cties, molt fresca. A la boca \u00e9s \u00e0cid i aroma fresca, que s'allarga amb un sabor lleugerament amarg i agradable.<\/p>\n<p>Rebozado\u00a0de ceniza alimentaria que da un equilibrio suave al gusto.<\/p>\n<p>275 g. aprox.<\/p>","protected":false},"featured_media":3523,"comment_status":"open","ping_status":"closed","template":"","meta":[],"product_brand":[],"product_cat":[21],"product_tag":[],"class_list":{"0":"post-270","1":"product","2":"type-product","3":"status-publish","4":"has-post-thumbnail","6":"product_cat-uncategorized","8":"first","9":"instock","10":"taxable","11":"shipping-taxable","12":"purchasable","13":"product-type-simple"},"_links":{"self":[{"href":"https:\/\/formatgerialafrasera.com\/ca\/wp-json\/wp\/v2\/product\/270","targetHints":{"allow":["GET"]}}],"collection":[{"href":"https:\/\/formatgerialafrasera.com\/ca\/wp-json\/wp\/v2\/product"}],"about":[{"href":"https:\/\/formatgerialafrasera.com\/ca\/wp-json\/wp\/v2\/types\/product"}],"replies":[{"embeddable":true,"href":"https:\/\/formatgerialafrasera.com\/ca\/wp-json\/wp\/v2\/comments?post=270"}],"wp:featuredmedia":[{"embeddable":true,"href":"https:\/\/formatgerialafrasera.com\/ca\/wp-json\/wp\/v2\/media\/3523"}],"wp:attachment":[{"href":"https:\/\/formatgerialafrasera.com\/ca\/wp-json\/wp\/v2\/media?parent=270"}],"wp:term":[{"taxonomy":"product_brand","embeddable":true,"href":"https:\/\/formatgerialafrasera.com\/ca\/wp-json\/wp\/v2\/product_brand?post=270"},{"taxonomy":"product_cat","embeddable":true,"href":"https:\/\/formatgerialafrasera.com\/ca\/wp-json\/wp\/v2\/product_cat?post=270"},{"taxonomy":"product_tag","embeddable":true,"href":"https:\/\/formatgerialafrasera.com\/ca\/wp-json\/wp\/v2\/product_tag?post=270"}],"curies":[{"name":"wp","href":"https:\/\/api.w.org\/{rel}","templated":true}]}}