{"id":3393,"date":"2026-01-28T12:13:10","date_gmt":"2026-01-28T11:13:10","guid":{"rendered":"https:\/\/formatgerialafrasera.com\/?post_type=product&#038;p=3393"},"modified":"2026-03-23T08:39:32","modified_gmt":"2026-03-23T07:39:32","slug":"visita-cata","status":"publish","type":"product","link":"https:\/\/formatgerialafrasera.com\/ca\/shop\/visita-cata\/","title":{"rendered":"VISITA + TAST"},"content":{"rendered":"<h4>INFORMACI\u00d3N DE INTER\u00c9S:<\/h4>\n<ul>\n<li><strong>Durada:<\/strong> 1 hora aprox.<\/li>\n<li><strong>Disponibilitat:<\/strong> dissabtes al mat\u00ed. Les visites s'adquireixen sense data, contactar via whatsapp o correu electr\u00f2nic indicant el n\u00famero de factura de la compra per concretar dia.<\/li>\n<\/ul>\n<h4><\/h4>\n<h4>QUIERO REGALAR LA ACTIVIDAD:<\/h4>\n<ol>\n<li>Adquiriu les visites que voleu regalar.<\/li>\n<li>Contacti'ns via whatsapp o correu electr\u00f2nic indicant el n\u00famero de factura de la compra.<\/li>\n<li>Indiqueu nom i tlf. de qui rep el regal i si ho sap, data desitjada.<\/li>\n<li>Rebreu un xec regal sense preu en format PDF.<\/li>\n<\/ol>","protected":false},"excerpt":{"rendered":"<h4><strong>VINE A DESCOBRIR ELS NOSTRES SECRETS!<\/strong><\/h4>\n<ul>\n<li><strong>Visita l'obrador i les c\u00e0meres de maduraci\u00f3<\/strong><\/li>\n<li><strong>Visualitzaci\u00f3 d'un v\u00eddeo amb explicaci\u00f3<\/strong><\/li>\n<li><strong>Tast de formatges La Frasera + copa de vi<\/strong><\/li>\n<\/ul>\n<p>&nbsp;<\/p>","protected":false},"featured_media":814,"comment_status":"closed","ping_status":"closed","template":"","meta":[],"product_brand":[],"product_cat":[21],"product_tag":[],"class_list":{"0":"post-3393","1":"product","2":"type-product","3":"status-publish","4":"has-post-thumbnail","6":"product_cat-uncategorized","8":"first","9":"instock","10":"taxable","11":"shipping-taxable","12":"purchasable","13":"product-type-variable"},"_links":{"self":[{"href":"https:\/\/formatgerialafrasera.com\/ca\/wp-json\/wp\/v2\/product\/3393","targetHints":{"allow":["GET"]}}],"collection":[{"href":"https:\/\/formatgerialafrasera.com\/ca\/wp-json\/wp\/v2\/product"}],"about":[{"href":"https:\/\/formatgerialafrasera.com\/ca\/wp-json\/wp\/v2\/types\/product"}],"replies":[{"embeddable":true,"href":"https:\/\/formatgerialafrasera.com\/ca\/wp-json\/wp\/v2\/comments?post=3393"}],"wp:featuredmedia":[{"embeddable":true,"href":"https:\/\/formatgerialafrasera.com\/ca\/wp-json\/wp\/v2\/media\/814"}],"wp:attachment":[{"href":"https:\/\/formatgerialafrasera.com\/ca\/wp-json\/wp\/v2\/media?parent=3393"}],"wp:term":[{"taxonomy":"product_brand","embeddable":true,"href":"https:\/\/formatgerialafrasera.com\/ca\/wp-json\/wp\/v2\/product_brand?post=3393"},{"taxonomy":"product_cat","embeddable":true,"href":"https:\/\/formatgerialafrasera.com\/ca\/wp-json\/wp\/v2\/product_cat?post=3393"},{"taxonomy":"product_tag","embeddable":true,"href":"https:\/\/formatgerialafrasera.com\/ca\/wp-json\/wp\/v2\/product_tag?post=3393"}],"curies":[{"name":"wp","href":"https:\/\/api.w.org\/{rel}","templated":true}]}}