{"id":393,"date":"2025-01-03T12:09:31","date_gmt":"2025-01-03T11:09:31","guid":{"rendered":"https:\/\/frasera.miexpertodigital1.store\/?post_type=product&#038;p=393"},"modified":"2026-03-26T08:39:18","modified_gmt":"2026-03-26T07:39:18","slug":"el-farcell","status":"publish","type":"product","link":"https:\/\/formatgerialafrasera.com\/ca\/shop\/el-farcell\/","title":{"rendered":"El Farcell"},"content":{"rendered":"","protected":false},"excerpt":{"rendered":"<p>Madurat de llet crua de cabra, elaborat manualment a partir del m\u00e8tode de fardell que li confereix la forma caracter\u00edstica. Afinat amb oli d'oliva verge extra durant el proc\u00e9s de maduraci\u00f3. \u00c9s un formatge de textura compacta. T\u00e9 un sabor suau i persistent, molt agradable al paladar.<\/p>\n<p><strong>Petit:<\/strong>\u00a0500 g. aprox.<\/p>\n<p><strong>Gran:<\/strong>\u00a01 Kg. aprox.<\/p>\n<p><strong>Maduraci\u00f3:<\/strong>\u00a0m\u00ednim 60 dies.<\/p>","protected":false},"featured_media":394,"comment_status":"open","ping_status":"closed","template":"","meta":[],"product_brand":[],"product_cat":[21],"product_tag":[],"class_list":{"0":"post-393","1":"product","2":"type-product","3":"status-publish","4":"has-post-thumbnail","6":"product_cat-uncategorized","8":"first","9":"instock","10":"taxable","11":"shipping-taxable","12":"purchasable","13":"product-type-variable"},"_links":{"self":[{"href":"https:\/\/formatgerialafrasera.com\/ca\/wp-json\/wp\/v2\/product\/393","targetHints":{"allow":["GET"]}}],"collection":[{"href":"https:\/\/formatgerialafrasera.com\/ca\/wp-json\/wp\/v2\/product"}],"about":[{"href":"https:\/\/formatgerialafrasera.com\/ca\/wp-json\/wp\/v2\/types\/product"}],"replies":[{"embeddable":true,"href":"https:\/\/formatgerialafrasera.com\/ca\/wp-json\/wp\/v2\/comments?post=393"}],"wp:featuredmedia":[{"embeddable":true,"href":"https:\/\/formatgerialafrasera.com\/ca\/wp-json\/wp\/v2\/media\/394"}],"wp:attachment":[{"href":"https:\/\/formatgerialafrasera.com\/ca\/wp-json\/wp\/v2\/media?parent=393"}],"wp:term":[{"taxonomy":"product_brand","embeddable":true,"href":"https:\/\/formatgerialafrasera.com\/ca\/wp-json\/wp\/v2\/product_brand?post=393"},{"taxonomy":"product_cat","embeddable":true,"href":"https:\/\/formatgerialafrasera.com\/ca\/wp-json\/wp\/v2\/product_cat?post=393"},{"taxonomy":"product_tag","embeddable":true,"href":"https:\/\/formatgerialafrasera.com\/ca\/wp-json\/wp\/v2\/product_tag?post=393"}],"curies":[{"name":"wp","href":"https:\/\/api.w.org\/{rel}","templated":true}]}}